
{"id":1045,"date":"2015-06-10T10:05:55","date_gmt":"2015-06-10T10:05:55","guid":{"rendered":"http:\/\/www.gallisrl.it\/?page_id=1045"},"modified":"2023-03-17T18:23:19","modified_gmt":"2023-03-17T17:23:19","slug":"home-default","status":"publish","type":"page","link":"https:\/\/www.gallisrl.it\/de\/","title":{"rendered":"Home"},"content":{"rendered":"<div class=\"wpb-content-wrapper\"><p>[vc_row full_width=&#8221;stretch_row&#8221; el_id=&#8221;home-section&#8221; el_class=&#8221;slider1&#8243;][vc_column][rev_slider_vc alias=&#8221;home-de&#8221;][vc_row_inner][vc_column_inner][vc_empty_space height=&#8221;50px&#8221;][\/vc_column_inner][\/vc_row_inner][\/vc_column][\/vc_row][vc_row][vc_column width=&#8221;1\/4&#8243;][vc_raw_html]JTNDZGl2JTIwY2xhc3MlM0QlMjJkZWZhdWx0LWFydGljbGUlMjIlM0UlMEElM0NoMSUyMHN0eWxlJTNEJTIyZm9udC1zaXplJTNBMzBweCUzQiUyMiUzRUhlcnN0ZWxsdW5nJTIwdm9uJTIwSyVDMyVCQ2NoZW5mcm9udGVuJTIwdW5kJTIwWnViZWglQzMlQjZyJTIwZiVDMyVCQ3IlMjBxdWFsaXRhdGl2ZSUyME0lQzMlQjZiZWwlM0MlMkZoMSUzRSUwQSUzQ3AlMjBzdHlsZSUzRCUyMmZvbnQtc2l6ZSUzQTE2cHglM0IlMjIlM0VTZWl0JTIwMTk3NiUyMHdpZG1ldCUyMHNpY2glMjB1bnNlciUyMEZhbWlsaWVudW50ZXJuZWhtZW4lMjBtaXQlMjB1bmVuZGxpY2hlciUyMCUyMExlaWRlbnNjaGFmdCUyMHVuZCUyMEVuZ2FnZW1lbnQlMjAlMjBkZXIlMjBIZXJzdGVsbHVuZyUyMHZvbiUyMEslQzMlQkNjaGVuZnJvbnRlbi4lMjBBdXMlMjBkaWVzZW0lMjBHcnVuZCUyMCUyMHolQzMlQTRobHQlMjBHYWxsaSUyMHNybCUyMGhldXRlJTIwenUlMjBkZW4lMjB3aWNodGlnc3RlbiUyMGl0YWxpZW5pc2NoZW4lMjBIZXJzdGVsbGVybiUyMHZvbiUyMEslQzMlQkNjaGVuZnJvbnRlbiUyMHVuZCUyMGJlbGllZmVydCUyMGYlQzMlQkNocmVuZGUlMjBuYXRpb25hbGUlMjB1bmQlMjBpbnRlcm5hdGlvbmFsZSUyMEslQzMlQkNjaGVuaGVyc3RlbGxlciUyMHdpZSUyMEFyYW4lMjBXb3JsZCUyMGN1Y2luZSUyMHVuZCUyMFNpZU1hdGljJTIwTSVDMyVCNmJlbHdlcmtlJTIwR21iSCUyMCUyNkNvLiUyMEtHJTNDJTJGcCUzRSUwQSUzQyUyRmRpdiUzRQ==[\/vc_raw_html][vc_empty_space height=&#8221;15&#8243;][vc_single_image image=&#8221;1455&#8243; img_size=&#8221;200&#215;95&#8243; alignment=&#8221;center&#8221;][\/vc_column][vc_column width=&#8221;3\/4&#8243;][vc_tabs interval=&#8221;0&#8243;][vc_tab title=&#8221;Unsere Leistungen&#8221; tab_id=&#8221;1469799100301-2-8&#8243;][vc_column_text]<span lang=\"de-DE\">Wir stellen nicht nur K\u00fcchenfronten oder M\u00f6belzubeh\u00f6r her, sondern stehen Dir mit unserem Fachwissen schon in der Entwicklungsphase zur Seite. W\u00fcnsche und Anforderungen unserer Kunden stehen bei uns im Mittelpunkt und werden strikt bis zum Fertigprodukt respektiert und erf\u00fcllt.<\/span><\/p>\n<p><span lang=\"de-DE\">Individuelle Herstellung von K\u00fcchenfronten ist unsere Spezialit\u00e4t! Unser Sortiment reicht von Holz-und Lackfronten, furnierte Fronten bis zu hochwertigen dekorativen M\u00f6belzubeh\u00f6ren.<\/span><\/p>\n<p><span lang=\"de-DE\">Innovation,Technologie und Tradion sind die Merkmale die unsere hauseigene Produktion pr\u00e4gen.<\/span>[\/vc_column_text][\/vc_tab][vc_tab title=&#8221;Qualit\u00e4t&#8221; tab_id=&#8221;40d55121-f404-0&#8243;][vc_column_text]<\/p>\n<div id=\"img_tab\"><img loading=\"lazy\" decoding=\"async\" class=\"wp-image-1099 size-full alignnone\" src=\"http:\/\/www.gallisrl.it\/wp-content\/uploads\/2015\/10\/galli-srl-senigallia-antine-cucina-tab_qualita.jpg\" alt=\"img\" width=\"500\" height=\"500\" \/><\/div>\n<div id=\"text_tab\">\n<p><span lang=\"de-DE\">Alle Produkte der Galli srl zeichnen sich durch erstklassige Qualit\u00e4t und exklusivem Design aus und werden zu Recht zu echten \u201cMade in Italy\u201c Produkte.<br \/>\nDie Qualit\u00e4t der Rohstoffe und der Produktionsprozesse ist der Leitfaden an dem wir uns alle richten um Kundenzufriedenheit zu erreichen.<br \/>\nEine pr\u00e4zise, permanente bis ins Detail \u00fcberwachte Fertigung ist der Schl\u00fcssel um dies zu erreichen.<\/span><\/p>\n<p><a href=\"https:\/\/www.gallisrl.it\/de\/qualitat\/\">Lesen sie weiter<\/a><\/div>\n<p>[\/vc_column_text][\/vc_tab][\/vc_tabs][vc_video link=&#8221;https:\/\/www.youtube.com\/watch?v=YyKquE1sCoM&#8221;][\/vc_column][\/vc_row][vc_row el_class=&#8221;services-offer-section&#8221;][vc_column width=&#8221;3\/12&#8243;][vc_empty_space height=&#8221;30px&#8221;][vc_raw_html]JTNDZGl2JTIwY2xhc3MlM0QlMjJkZWZhdWx0LWFydGljbGUlMjIlM0UlMEElM0NoMSUyMHN0eWxlJTNEJTIyZm9udC1zaXplJTNBMzBweCUzQiUyMiUzRVVuc2VyZSUyMFByb2R1a3Rpb25zcHJvemVzc2UlM0MlMkZoMSUzRSUwQSUzQ3AlMjBzdHlsZSUzRCUyMmZvbnQtc2l6ZSUzQTE2cHglM0IlMjIlM0VVbnNlcmUlMjAlM0NhJTIwc3R5bGUlM0QlMjJmb250LXNpemUlM0ExNnB4JTNCJTIyJTIwaHJlZiUzRCUyMmh0dHAlM0ElMkYlMkZ3d3cuZ2FsbGlzcmwuaXQlMkZkZSUyRnByb2R1a3Rpb25zcHJvemVzc2UlMkYlMjIlM0VQcm9kdWt0aW9uJTNDJTJGYSUzRSUzQyUyRnAlM0UlMEElM0MlMkZkaXYlM0U=[\/vc_raw_html][\/vc_column][vc_column width=&#8221;9\/12&#8243;][vc_empty_space height=&#8221;30px&#8221;][qk_services_gal][qk_service_img image=&#8221;868&#8243; title=&#8221;GRUNDIERUNG&#8221; link=&#8221;https:\/\/www.gallisrl.it\/de\/produktionsprozesse\/&#8221;][qk_service_img image=&#8221;870&#8243; title=&#8221;LACKIERUNG&#8221; size=&#8221;snd-size&#8221; link=&#8221;https:\/\/www.gallisrl.it\/de\/produktionsprozesse\/&#8221;][qk_service_img image=&#8221;869&#8243; title=&#8221;SCHLEIF&#8221; link=&#8221;https:\/\/www.gallisrl.it\/de\/produktionsprozesse\/&#8221;][qk_service_img image=&#8221;1276&#8243; title=&#8221;ZUSCHNITT UND PANTOGRAPHIERUNG&#8221; link=&#8221;https:\/\/www.gallisrl.it\/de\/produktionsprozesse\/&#8221;][qk_service_img image=&#8221;871&#8243; title=&#8221;POLIERUNG&#8221; link=&#8221;https:\/\/www.gallisrl.it\/de\/produktionsprozesse\/&#8221;][\/qk_services_gal][\/vc_column][\/vc_row]<\/p>\n<\/div>","protected":false},"excerpt":{"rendered":"<p>[vc_row full_width=&#8221;stretch_row&#8221; el_id=&#8221;home-section&#8221; el_class=&#8221;slider1&#8243;][vc_column][rev_slider_vc alias=&#8221;home-de&#8221;][vc_row_inner][vc_column_inner][vc_empty_space height=&#8221;50px&#8221;][\/vc_column_inner][\/vc_row_inner][\/vc_column][\/vc_row][vc_row][vc_column width=&#8221;1\/4&#8243;][vc_raw_html]JTNDZGl2JTIwY2xhc3MlM0QlMjJkZWZhdWx0LWFydGljbGUlMjIlM0UlMEElM0NoMSUyMHN0eWxlJTNEJTIyZm9udC1zaXplJTNBMzBweCUzQiUyMiUzRUhlcnN0ZWxsdW5nJTIwdm9uJTIwSyVDMyVCQ2NoZW5mcm9udGVuJTIwdW5kJTIwWnViZWglQzMlQjZyJTIwZiVDMyVCQ3IlMjBxdWFsaXRhdGl2ZSUyME0lQzMlQjZiZWwlM0MlMkZoMSUzRSUwQSUzQ3AlMjBzdHlsZSUzRCUyMmZvbnQtc2l6ZSUzQTE2cHglM0IlMjIlM0VTZWl0JTIwMTk3NiUyMHdpZG1ldCUyMHNpY2glMjB1bnNlciUyMEZhbWlsaWVudW50ZXJuZWhtZW4lMjBtaXQlMjB1bmVuZGxpY2hlciUyMCUyMExlaWRlbnNjaGFmdCUyMHVuZCUyMEVuZ2FnZW1lbnQlMjAlMjBkZXIlMjBIZXJzdGVsbHVuZyUyMHZvbiUyMEslQzMlQkNjaGVuZnJvbnRlbi4lMjBBdXMlMjBkaWVzZW0lMjBHcnVuZCUyMCUyMHolQzMlQTRobHQlMjBHYWxsaSUyMHNybCUyMGhldXRlJTIwenUlMjBkZW4lMjB3aWNodGlnc3RlbiUyMGl0YWxpZW5pc2NoZW4lMjBIZXJzdGVsbGVybiUyMHZvbiUyMEslQzMlQkNjaGVuZnJvbnRlbiUyMHVuZCUyMGJlbGllZmVydCUyMGYlQzMlQkNocmVuZGUlMjBuYXRpb25hbGUlMjB1bmQlMjBpbnRlcm5hdGlvbmFsZSUyMEslQzMlQkNjaGVuaGVyc3RlbGxlciUyMHdpZSUyMEFyYW4lMjBXb3JsZCUyMGN1Y2luZSUyMHVuZCUyMFNpZU1hdGljJTIwTSVDMyVCNmJlbHdlcmtlJTIwR21iSCUyMCUyNkNvLiUyMEtHJTNDJTJGcCUzRSUwQSUzQyUyRmRpdiUzRQ==[\/vc_raw_html][vc_empty_space height=&#8221;15&#8243;][vc_single_image image=&#8221;1455&#8243; img_size=&#8221;200&#215;95&#8243; alignment=&#8221;center&#8221;][\/vc_column][vc_column width=&#8221;3\/4&#8243;][vc_tabs interval=&#8221;0&#8243;][vc_tab title=&#8221;Unsere Leistungen&#8221; tab_id=&#8221;1469799100301-2-8&#8243;][vc_column_text]Wir stellen nicht nur K\u00fcchenfronten oder M\u00f6belzubeh\u00f6r her, sondern stehen Dir mit unserem Fachwissen schon in der Entwicklungsphase zur Seite. W\u00fcnsche und Anforderungen unserer Kunden stehen bei uns im Mittelpunkt und werden strikt bis zum Fertigprodukt respektiert und erf\u00fcllt. Individuelle [&hellip;]<\/p>\n","protected":false},"author":2,"featured_media":0,"parent":0,"menu_order":0,"comment_status":"closed","ping_status":"closed","template":"template-home.php","meta":{"footnotes":""},"class_list":["post-1045","page","type-page","status-publish","hentry"],"yoast_head":"<!-- This site is optimized with the Yoast SEO plugin v27.4 - https:\/\/yoast.com\/product\/yoast-seo-wordpress\/ -->\n<title>GALLI SRL | Furniture Components<\/title>\n<meta name=\"description\" content=\"Seit 40 Jahren steht Galli srl als Hersteller von K\u00fcchenfronten solide im Gesch\u00e4ft. 1976 wurde das Unternehmen von Franco Galli gegr\u00fcndet.\" \/>\n<meta name=\"robots\" content=\"index, follow, max-snippet:-1, max-image-preview:large, max-video-preview:-1\" \/>\n<link rel=\"canonical\" href=\"https:\/\/www.gallisrl.it\/de\/\" \/>\n<meta property=\"og:locale\" content=\"de_DE\" \/>\n<meta property=\"og:type\" content=\"article\" \/>\n<meta property=\"og:title\" content=\"GALLI SRL | Furniture Components\" \/>\n<meta property=\"og:description\" content=\"Seit 40 Jahren steht Galli srl als Hersteller von K\u00fcchenfronten solide im Gesch\u00e4ft. 1976 wurde das Unternehmen von Franco Galli gegr\u00fcndet.\" \/>\n<meta property=\"og:url\" content=\"https:\/\/www.gallisrl.it\/de\/\" \/>\n<meta property=\"og:site_name\" content=\"Galli srl\" \/>\n<meta property=\"article:publisher\" content=\"https:\/\/it-it.facebook.com\/Galli-Srl-894737883895943\/\" \/>\n<meta property=\"article:modified_time\" content=\"2023-03-17T17:23:19+00:00\" \/>\n<meta property=\"og:image\" content=\"http:\/\/www.gallisrl.it\/wp-content\/uploads\/2015\/10\/galli-srl-senigallia-antine-cucina-tab_qualita.jpg\" \/>\n<meta name=\"twitter:card\" content=\"summary_large_image\" \/>\n<meta name=\"twitter:label1\" content=\"Gesch\u00e4tzte Lesezeit\" \/>\n\t<meta name=\"twitter:data1\" content=\"2\u00a0Minuten\" \/>\n<script type=\"application\/ld+json\" class=\"yoast-schema-graph\">{\"@context\":\"https:\\\/\\\/schema.org\",\"@graph\":[{\"@type\":\"WebPage\",\"@id\":\"https:\\\/\\\/www.gallisrl.it\\\/de\\\/\",\"url\":\"https:\\\/\\\/www.gallisrl.it\\\/de\\\/\",\"name\":\"GALLI SRL | Furniture Components\",\"isPartOf\":{\"@id\":\"https:\\\/\\\/www.gallisrl.it\\\/#website\"},\"primaryImageOfPage\":{\"@id\":\"https:\\\/\\\/www.gallisrl.it\\\/de\\\/#primaryimage\"},\"image\":{\"@id\":\"https:\\\/\\\/www.gallisrl.it\\\/de\\\/#primaryimage\"},\"thumbnailUrl\":\"http:\\\/\\\/www.gallisrl.it\\\/wp-content\\\/uploads\\\/2015\\\/10\\\/galli-srl-senigallia-antine-cucina-tab_qualita.jpg\",\"datePublished\":\"2015-06-10T10:05:55+00:00\",\"dateModified\":\"2023-03-17T17:23:19+00:00\",\"description\":\"Seit 40 Jahren steht Galli srl als Hersteller von K\u00fcchenfronten solide im Gesch\u00e4ft. 1976 wurde das Unternehmen von Franco Galli gegr\u00fcndet.\",\"breadcrumb\":{\"@id\":\"https:\\\/\\\/www.gallisrl.it\\\/de\\\/#breadcrumb\"},\"inLanguage\":\"de\",\"potentialAction\":[{\"@type\":\"ReadAction\",\"target\":[\"https:\\\/\\\/www.gallisrl.it\\\/de\\\/\"]}]},{\"@type\":\"ImageObject\",\"inLanguage\":\"de\",\"@id\":\"https:\\\/\\\/www.gallisrl.it\\\/de\\\/#primaryimage\",\"url\":\"http:\\\/\\\/www.gallisrl.it\\\/wp-content\\\/uploads\\\/2015\\\/10\\\/galli-srl-senigallia-antine-cucina-tab_qualita.jpg\",\"contentUrl\":\"http:\\\/\\\/www.gallisrl.it\\\/wp-content\\\/uploads\\\/2015\\\/10\\\/galli-srl-senigallia-antine-cucina-tab_qualita.jpg\"},{\"@type\":\"BreadcrumbList\",\"@id\":\"https:\\\/\\\/www.gallisrl.it\\\/de\\\/#breadcrumb\",\"itemListElement\":[{\"@type\":\"ListItem\",\"position\":1,\"name\":\"Start\",\"item\":\"https:\\\/\\\/www.gallisrl.it\\\/de\\\/\"},{\"@type\":\"ListItem\",\"position\":2,\"name\":\"Home\"}]},{\"@type\":\"WebSite\",\"@id\":\"https:\\\/\\\/www.gallisrl.it\\\/#website\",\"url\":\"https:\\\/\\\/www.gallisrl.it\\\/\",\"name\":\"Galli srl\",\"description\":\"Verniciatura e produzione di ante per cucine e mobili\",\"potentialAction\":[{\"@type\":\"SearchAction\",\"target\":{\"@type\":\"EntryPoint\",\"urlTemplate\":\"https:\\\/\\\/www.gallisrl.it\\\/?s={search_term_string}\"},\"query-input\":{\"@type\":\"PropertyValueSpecification\",\"valueRequired\":true,\"valueName\":\"search_term_string\"}}],\"inLanguage\":\"de\"}]}<\/script>\n<!-- \/ Yoast SEO plugin. -->","yoast_head_json":{"title":"GALLI SRL | Furniture Components","description":"Seit 40 Jahren steht Galli srl als Hersteller von K\u00fcchenfronten solide im Gesch\u00e4ft. 1976 wurde das Unternehmen von Franco Galli gegr\u00fcndet.","robots":{"index":"index","follow":"follow","max-snippet":"max-snippet:-1","max-image-preview":"max-image-preview:large","max-video-preview":"max-video-preview:-1"},"canonical":"https:\/\/www.gallisrl.it\/de\/","og_locale":"de_DE","og_type":"article","og_title":"GALLI SRL | Furniture Components","og_description":"Seit 40 Jahren steht Galli srl als Hersteller von K\u00fcchenfronten solide im Gesch\u00e4ft. 1976 wurde das Unternehmen von Franco Galli gegr\u00fcndet.","og_url":"https:\/\/www.gallisrl.it\/de\/","og_site_name":"Galli srl","article_publisher":"https:\/\/it-it.facebook.com\/Galli-Srl-894737883895943\/","article_modified_time":"2023-03-17T17:23:19+00:00","og_image":[{"url":"http:\/\/www.gallisrl.it\/wp-content\/uploads\/2015\/10\/galli-srl-senigallia-antine-cucina-tab_qualita.jpg","type":"","width":"","height":""}],"twitter_card":"summary_large_image","twitter_misc":{"Gesch\u00e4tzte Lesezeit":"2\u00a0Minuten"},"schema":{"@context":"https:\/\/schema.org","@graph":[{"@type":"WebPage","@id":"https:\/\/www.gallisrl.it\/de\/","url":"https:\/\/www.gallisrl.it\/de\/","name":"GALLI SRL | Furniture Components","isPartOf":{"@id":"https:\/\/www.gallisrl.it\/#website"},"primaryImageOfPage":{"@id":"https:\/\/www.gallisrl.it\/de\/#primaryimage"},"image":{"@id":"https:\/\/www.gallisrl.it\/de\/#primaryimage"},"thumbnailUrl":"http:\/\/www.gallisrl.it\/wp-content\/uploads\/2015\/10\/galli-srl-senigallia-antine-cucina-tab_qualita.jpg","datePublished":"2015-06-10T10:05:55+00:00","dateModified":"2023-03-17T17:23:19+00:00","description":"Seit 40 Jahren steht Galli srl als Hersteller von K\u00fcchenfronten solide im Gesch\u00e4ft. 1976 wurde das Unternehmen von Franco Galli gegr\u00fcndet.","breadcrumb":{"@id":"https:\/\/www.gallisrl.it\/de\/#breadcrumb"},"inLanguage":"de","potentialAction":[{"@type":"ReadAction","target":["https:\/\/www.gallisrl.it\/de\/"]}]},{"@type":"ImageObject","inLanguage":"de","@id":"https:\/\/www.gallisrl.it\/de\/#primaryimage","url":"http:\/\/www.gallisrl.it\/wp-content\/uploads\/2015\/10\/galli-srl-senigallia-antine-cucina-tab_qualita.jpg","contentUrl":"http:\/\/www.gallisrl.it\/wp-content\/uploads\/2015\/10\/galli-srl-senigallia-antine-cucina-tab_qualita.jpg"},{"@type":"BreadcrumbList","@id":"https:\/\/www.gallisrl.it\/de\/#breadcrumb","itemListElement":[{"@type":"ListItem","position":1,"name":"Start","item":"https:\/\/www.gallisrl.it\/de\/"},{"@type":"ListItem","position":2,"name":"Home"}]},{"@type":"WebSite","@id":"https:\/\/www.gallisrl.it\/#website","url":"https:\/\/www.gallisrl.it\/","name":"Galli srl","description":"Verniciatura e produzione di ante per cucine e mobili","potentialAction":[{"@type":"SearchAction","target":{"@type":"EntryPoint","urlTemplate":"https:\/\/www.gallisrl.it\/?s={search_term_string}"},"query-input":{"@type":"PropertyValueSpecification","valueRequired":true,"valueName":"search_term_string"}}],"inLanguage":"de"}]}},"_links":{"self":[{"href":"https:\/\/www.gallisrl.it\/de\/wp-json\/wp\/v2\/pages\/1045","targetHints":{"allow":["GET"]}}],"collection":[{"href":"https:\/\/www.gallisrl.it\/de\/wp-json\/wp\/v2\/pages"}],"about":[{"href":"https:\/\/www.gallisrl.it\/de\/wp-json\/wp\/v2\/types\/page"}],"author":[{"embeddable":true,"href":"https:\/\/www.gallisrl.it\/de\/wp-json\/wp\/v2\/users\/2"}],"replies":[{"embeddable":true,"href":"https:\/\/www.gallisrl.it\/de\/wp-json\/wp\/v2\/comments?post=1045"}],"version-history":[{"count":2,"href":"https:\/\/www.gallisrl.it\/de\/wp-json\/wp\/v2\/pages\/1045\/revisions"}],"predecessor-version":[{"id":2859,"href":"https:\/\/www.gallisrl.it\/de\/wp-json\/wp\/v2\/pages\/1045\/revisions\/2859"}],"wp:attachment":[{"href":"https:\/\/www.gallisrl.it\/de\/wp-json\/wp\/v2\/media?parent=1045"}],"curies":[{"name":"wp","href":"https:\/\/api.w.org\/{rel}","templated":true}]}}