
{"id":1051,"date":"2015-09-18T16:56:40","date_gmt":"2015-09-18T14:56:40","guid":{"rendered":"http:\/\/www.gallisrl.it\/?page_id=1051"},"modified":"2016-08-02T14:17:21","modified_gmt":"2016-08-02T12:17:21","slug":"unternehmen","status":"publish","type":"page","link":"https:\/\/www.gallisrl.it\/de\/unternehmen\/","title":{"rendered":"Unternehmen"},"content":{"rendered":"<div class=\"wpb-content-wrapper\"><p>[vc_row][vc_column width=&#8221;2\/3&#8243;][vc_empty_space height=&#8221;50px&#8221;][vc_column_text]<\/p>\n<h1>Historie<\/h1>\n<p><span lang=\"de-DE\">Die Geschichte der Galli srl als Hersteller von K\u00fcchenfronten beginnt im Jahr 1976, als Franco Galli und eine Handvoll Mitarbeiter die ersten handwerklichen Produktionen zustande bringen.<\/span><\/p>\n<h2><span lang=\"de-DE\"><b>Eine handwerkliche Produktion von Holzfronten<\/b><\/span><\/h2>\n<p><span lang=\"de-DE\">Die hohe Qualit\u00e4t der Produkte wurde zum Schl\u00fcssel des heutigen Erfolges der Galli srl. Kunden wurden schon damals, so wie heute, in allen Projektphasen involviert.<\/span><\/p>\n<h2><span lang=\"de-DE\"><b>Erfolg auf nationaler Ebene<\/b><\/span><\/h2>\n<p><span lang=\"de-DE\">Innovation, erstklassige Rohstoffe und Liebe zum Detail werden bald zum Markenzeichen des Unternehmens. Galli srl erwirbt rasch einen nationalen Ruf und beliefert in kurzer Zeit f\u00fchrende italienische K\u00fcchenhersteller.<\/span><\/p>\n<h2><span lang=\"de-DE\"><b>Just in Time, Qualit\u00e4t und Flexibilit\u00e4t<\/b><\/span><\/h2>\n<p><span lang=\"de-DE\">K\u00fcchenfronten und M\u00f6belzubeh\u00f6r der Galli srl werden bald von internationalen K\u00fcchenhersteller gesch\u00e4tzt.Im Jahr 2000 wird der Standort in Grottino di Senigallia erweitert und modernisiert. Im Jahr 2009 entsteht ein zweiter Standort in Casine di Ostra spezialisiert auf moderne Beschichtungen wie, hochglanz und supermatt Lackierung, usw&#8230;<br \/>\n<\/span><span lang=\"de-DE\">Beide Werke verf\u00fcgen insgesamt \u00fcber 8000 QM Produktionsfl\u00e4che, ausger\u00fcstet <\/span><span lang=\"de-DE\"><b>mit neuesten Maschinen und Spritzanlagen<\/b><\/span><span lang=\"de-DE\">. <\/span><\/p>\n<p><span lang=\"de-DE\">Dank der hohen Effizienz beider Standorte orientiert sich Galli srl auf eine Just in Time Produktion und erreicht, auch in diesem Bereich, erstklassige Qualit\u00e4t.\u00a0<\/span><span lang=\"de-DE\">Heute stellen wir eine Vielfalt von K\u00fcchen- und M\u00f6belfronten her, fertigen und produzieren nach Vorgaben unserer Kunden und bieten individuelle und flexible L\u00f6sungen.<\/span><\/p>\n<h3><span lang=\"de-DE\">M\u00f6chten Sie mehr \u00fcber uns erfahren? Kontaktieren Sie uns <a href=\"https:\/\/www.gallisrl.it\/de\/kontakte\/\">hier<\/a>!<\/span><\/h3>\n<p style=\"text-align: justify;\">[\/vc_column_text][\/vc_column][vc_column width=&#8221;1\/3&#8243;][vc_empty_space height=&#8221;50px&#8221;][vc_column_text]<\/p>\n<blockquote>\n<h1>Unsere Mission lautet<\/h1>\n<p style=\"font-size: 20px; line-height: 25px; text-align: left;\">Wir wollen unsere Position als idealer Partner der K\u00fcchenm\u00f6belindustrie durch hochwertige Produkte und kundenorientierten, flexiblen Service weiter ausbauen und verst\u00e4rken.<\/p>\n<\/blockquote>\n<p>[\/vc_column_text][\/vc_column][\/vc_row][vc_row][vc_column][vc_empty_space height=&#8221;50px&#8221;][vc_media_grid style=&#8221;lazy&#8221; items_per_page=&#8221;6&#8243; element_width=&#8221;2&#8243; gap=&#8221;10&#8243; grid_id=&#8221;vc_gid:1442919488624-73f65702-0ec3-8&#8243; include=&#8221;862,1296,858,1295,1294,861&#8243;][vc_empty_space height=&#8221;50px&#8221;][\/vc_column][\/vc_row]<\/p>\n<\/div>","protected":false},"excerpt":{"rendered":"<p>[vc_row][vc_column width=&#8221;2\/3&#8243;][vc_empty_space height=&#8221;50px&#8221;][vc_column_text] Historie Die Geschichte der Galli srl als Hersteller von K\u00fcchenfronten beginnt im Jahr 1976, als Franco Galli und eine Handvoll Mitarbeiter die ersten handwerklichen Produktionen zustande bringen. Eine handwerkliche Produktion von Holzfronten Die hohe Qualit\u00e4t der Produkte wurde zum Schl\u00fcssel des heutigen Erfolges der Galli srl. Kunden wurden schon damals, so wie [&hellip;]<\/p>\n","protected":false},"author":2,"featured_media":0,"parent":0,"menu_order":0,"comment_status":"closed","ping_status":"closed","template":"","meta":{"footnotes":""},"class_list":["post-1051","page","type-page","status-publish","hentry"],"yoast_head":"<!-- This site is optimized with the Yoast SEO plugin v27.4 - https:\/\/yoast.com\/product\/yoast-seo-wordpress\/ -->\n<title>Unternehmen | Galli srl<\/title>\n<meta name=\"robots\" content=\"index, follow, max-snippet:-1, max-image-preview:large, max-video-preview:-1\" \/>\n<link rel=\"canonical\" href=\"https:\/\/www.gallisrl.it\/de\/unternehmen\/\" \/>\n<meta property=\"og:locale\" content=\"de_DE\" \/>\n<meta property=\"og:type\" content=\"article\" \/>\n<meta property=\"og:title\" content=\"Unternehmen | Galli srl\" \/>\n<meta property=\"og:description\" content=\"[vc_row][vc_column width=&#8221;2\/3&#8243;][vc_empty_space height=&#8221;50px&#8221;][vc_column_text] Historie Die Geschichte der Galli srl als Hersteller von K\u00fcchenfronten beginnt im Jahr 1976, als Franco Galli und eine Handvoll Mitarbeiter die ersten handwerklichen Produktionen zustande bringen. Eine handwerkliche Produktion von Holzfronten Die hohe Qualit\u00e4t der Produkte wurde zum Schl\u00fcssel des heutigen Erfolges der Galli srl. Kunden wurden schon damals, so wie [&hellip;]\" \/>\n<meta property=\"og:url\" content=\"https:\/\/www.gallisrl.it\/de\/unternehmen\/\" \/>\n<meta property=\"og:site_name\" content=\"Galli srl\" \/>\n<meta property=\"article:publisher\" content=\"https:\/\/it-it.facebook.com\/Galli-Srl-894737883895943\/\" \/>\n<meta property=\"article:modified_time\" content=\"2016-08-02T12:17:21+00:00\" \/>\n<meta property=\"og:image\" content=\"http:\/\/www.gallisrl.it\/wp-content\/uploads\/2015\/10\/galli-srl-senigallia-antine-cucina_home_slide6.jpg\" \/>\n<meta name=\"twitter:card\" content=\"summary_large_image\" \/>\n<meta name=\"twitter:label1\" content=\"Gesch\u00e4tzte Lesezeit\" \/>\n\t<meta name=\"twitter:data1\" content=\"2\u00a0Minuten\" \/>\n<script type=\"application\/ld+json\" class=\"yoast-schema-graph\">{\"@context\":\"https:\\\/\\\/schema.org\",\"@graph\":[{\"@type\":\"WebPage\",\"@id\":\"https:\\\/\\\/www.gallisrl.it\\\/de\\\/unternehmen\\\/\",\"url\":\"https:\\\/\\\/www.gallisrl.it\\\/de\\\/unternehmen\\\/\",\"name\":\"Unternehmen | Galli srl\",\"isPartOf\":{\"@id\":\"https:\\\/\\\/www.gallisrl.it\\\/#website\"},\"datePublished\":\"2015-09-18T14:56:40+00:00\",\"dateModified\":\"2016-08-02T12:17:21+00:00\",\"breadcrumb\":{\"@id\":\"https:\\\/\\\/www.gallisrl.it\\\/de\\\/unternehmen\\\/#breadcrumb\"},\"inLanguage\":\"de\",\"potentialAction\":[{\"@type\":\"ReadAction\",\"target\":[\"https:\\\/\\\/www.gallisrl.it\\\/de\\\/unternehmen\\\/\"]}]},{\"@type\":\"BreadcrumbList\",\"@id\":\"https:\\\/\\\/www.gallisrl.it\\\/de\\\/unternehmen\\\/#breadcrumb\",\"itemListElement\":[{\"@type\":\"ListItem\",\"position\":1,\"name\":\"Start\",\"item\":\"https:\\\/\\\/www.gallisrl.it\\\/de\\\/\"},{\"@type\":\"ListItem\",\"position\":2,\"name\":\"Unternehmen\"}]},{\"@type\":\"WebSite\",\"@id\":\"https:\\\/\\\/www.gallisrl.it\\\/#website\",\"url\":\"https:\\\/\\\/www.gallisrl.it\\\/\",\"name\":\"Galli srl\",\"description\":\"Verniciatura e produzione di ante per cucine e mobili\",\"potentialAction\":[{\"@type\":\"SearchAction\",\"target\":{\"@type\":\"EntryPoint\",\"urlTemplate\":\"https:\\\/\\\/www.gallisrl.it\\\/?s={search_term_string}\"},\"query-input\":{\"@type\":\"PropertyValueSpecification\",\"valueRequired\":true,\"valueName\":\"search_term_string\"}}],\"inLanguage\":\"de\"}]}<\/script>\n<!-- \/ Yoast SEO plugin. -->","yoast_head_json":{"title":"Unternehmen | Galli srl","robots":{"index":"index","follow":"follow","max-snippet":"max-snippet:-1","max-image-preview":"max-image-preview:large","max-video-preview":"max-video-preview:-1"},"canonical":"https:\/\/www.gallisrl.it\/de\/unternehmen\/","og_locale":"de_DE","og_type":"article","og_title":"Unternehmen | Galli srl","og_description":"[vc_row][vc_column width=&#8221;2\/3&#8243;][vc_empty_space height=&#8221;50px&#8221;][vc_column_text] Historie Die Geschichte der Galli srl als Hersteller von K\u00fcchenfronten beginnt im Jahr 1976, als Franco Galli und eine Handvoll Mitarbeiter die ersten handwerklichen Produktionen zustande bringen. Eine handwerkliche Produktion von Holzfronten Die hohe Qualit\u00e4t der Produkte wurde zum Schl\u00fcssel des heutigen Erfolges der Galli srl. Kunden wurden schon damals, so wie [&hellip;]","og_url":"https:\/\/www.gallisrl.it\/de\/unternehmen\/","og_site_name":"Galli srl","article_publisher":"https:\/\/it-it.facebook.com\/Galli-Srl-894737883895943\/","article_modified_time":"2016-08-02T12:17:21+00:00","og_image":[{"url":"http:\/\/www.gallisrl.it\/wp-content\/uploads\/2015\/10\/galli-srl-senigallia-antine-cucina_home_slide6.jpg","type":"","width":"","height":""}],"twitter_card":"summary_large_image","twitter_misc":{"Gesch\u00e4tzte Lesezeit":"2\u00a0Minuten"},"schema":{"@context":"https:\/\/schema.org","@graph":[{"@type":"WebPage","@id":"https:\/\/www.gallisrl.it\/de\/unternehmen\/","url":"https:\/\/www.gallisrl.it\/de\/unternehmen\/","name":"Unternehmen | Galli srl","isPartOf":{"@id":"https:\/\/www.gallisrl.it\/#website"},"datePublished":"2015-09-18T14:56:40+00:00","dateModified":"2016-08-02T12:17:21+00:00","breadcrumb":{"@id":"https:\/\/www.gallisrl.it\/de\/unternehmen\/#breadcrumb"},"inLanguage":"de","potentialAction":[{"@type":"ReadAction","target":["https:\/\/www.gallisrl.it\/de\/unternehmen\/"]}]},{"@type":"BreadcrumbList","@id":"https:\/\/www.gallisrl.it\/de\/unternehmen\/#breadcrumb","itemListElement":[{"@type":"ListItem","position":1,"name":"Start","item":"https:\/\/www.gallisrl.it\/de\/"},{"@type":"ListItem","position":2,"name":"Unternehmen"}]},{"@type":"WebSite","@id":"https:\/\/www.gallisrl.it\/#website","url":"https:\/\/www.gallisrl.it\/","name":"Galli srl","description":"Verniciatura e produzione di ante per cucine e mobili","potentialAction":[{"@type":"SearchAction","target":{"@type":"EntryPoint","urlTemplate":"https:\/\/www.gallisrl.it\/?s={search_term_string}"},"query-input":{"@type":"PropertyValueSpecification","valueRequired":true,"valueName":"search_term_string"}}],"inLanguage":"de"}]}},"_links":{"self":[{"href":"https:\/\/www.gallisrl.it\/de\/wp-json\/wp\/v2\/pages\/1051","targetHints":{"allow":["GET"]}}],"collection":[{"href":"https:\/\/www.gallisrl.it\/de\/wp-json\/wp\/v2\/pages"}],"about":[{"href":"https:\/\/www.gallisrl.it\/de\/wp-json\/wp\/v2\/types\/page"}],"author":[{"embeddable":true,"href":"https:\/\/www.gallisrl.it\/de\/wp-json\/wp\/v2\/users\/2"}],"replies":[{"embeddable":true,"href":"https:\/\/www.gallisrl.it\/de\/wp-json\/wp\/v2\/comments?post=1051"}],"version-history":[{"count":0,"href":"https:\/\/www.gallisrl.it\/de\/wp-json\/wp\/v2\/pages\/1051\/revisions"}],"wp:attachment":[{"href":"https:\/\/www.gallisrl.it\/de\/wp-json\/wp\/v2\/media?parent=1051"}],"curies":[{"name":"wp","href":"https:\/\/api.w.org\/{rel}","templated":true}]}}