
{"id":1066,"date":"2015-10-14T13:17:18","date_gmt":"2015-10-14T11:17:18","guid":{"rendered":"http:\/\/www.gallisrl.it\/?page_id=1066"},"modified":"2016-08-02T14:20:25","modified_gmt":"2016-08-02T12:20:25","slug":"produktionsprozesse","status":"publish","type":"page","link":"https:\/\/www.gallisrl.it\/de\/produktionsprozesse\/","title":{"rendered":"PRODUKTIONSPROZESSE"},"content":{"rendered":"<div class=\"wpb-content-wrapper\"><p>[vc_row][vc_column][vc_column_text]<\/p>\n<h2><span lang=\"de-DE\"><b>Handwerkskunst, KnowHow und Innovation<\/b><\/span><\/h2>\n<p><span lang=\"de-DE\">Alle Fronten und M\u00f6belzubeh\u00f6re werden nach Kundenwunsch gefertigt und, falls n\u00f6tig, helfen wir Ihnen schon in der Entwicklungsphase . Wir freuen uns Ihnen <\/span><span lang=\"de-DE\"><b>unser 40 j\u00e4hriges KnowHow<\/b><\/span><span lang=\"de-DE\"> zur Verf\u00fcgung zu stellen.\u00a0<\/span><span lang=\"de-DE\">Unser Unternehmen verf\u00fcgt \u00fcber modernste Maschinen und Spritzanlagen der industriellen Lackierungsbranche. Unser Team besteht aus hochqualifizierten Fachkr\u00e4fte, dessen Handwerkskunst und KnowHow wesentlicher Bestandteil zur Sicherung des langfristigen Erfolgs des Unternehmens sind.<\/span><\/p>\n<h2><a name=\"_GoBack\"><\/a><span lang=\"de-DE\"><b>Eine schlanke, flexible und Just in Time Produktion<\/b><\/span><\/h2>\n<p><span lang=\"de-DE\">Unsere Flexibilit\u00e4t und Anpassungsf\u00e4higkeit erm\u00f6glichen uns jede Fertigungsstufe der Frontenproduktions selbst durchzuf\u00fchren, von der echten Fertigung bis zur Endlackierung.\u00a0<\/span><span lang=\"de-DE\">Von der Rohfrontenkonstruktion bis zum individuellen Packaging und Liefermodalit\u00e4t, bieten wir stets einen kompletten, kundenorientierten und qualitativen Service an. Dank unserer Just in Time Orientierung werden Produktionszeiten gek\u00fcrzt und Vergeudung vermieden.<\/span><\/p>\n<h2><span lang=\"de-DE\">Qualit\u00e4t ist unser Ziel<\/span><\/h2>\n<p align=\"LEFT\"><span lang=\"de-DE\">Wir sind der \u00dcberzeugung, dass die Qualit\u00e4t des Endproduktes sowohl f\u00fcr unsere Kunden und Lieferanten als auch f\u00fcr Galli srl eine Priorit\u00e4t ist. Um dies sicherzustellen werden alle Fertigungsprozesse strikt kontrolliert und optimisiert und alle Produktonsanlagen durchlaufen eine regelm\u00e4\u00dfige und fachgerechte Wartung. Eine letzte,rigoroge Qualit\u00e4tskontrolle unserer QS erfolgt vor Auslieferung an allen Fronten.<\/span><\/p>\n<p>[\/vc_column_text][\/vc_column][\/vc_row][vc_row full_width=&#8221;stretch_row&#8221; el_class=&#8221;services-page-section&#8221;][vc_column][vc_row_inner el_class=&#8221;services-wrapp&#8221;][vc_column_inner width=&#8221;1\/3&#8243;][vc_column_text]<\/p>\n<p style=\"text-align: center;\"><a href=\"http:\/\/www.gallisrl.it\/wp-content\/uploads\/2015\/10\/galli-srl-senigallia_antine_cucina-sezionatura.jpg\" rel=\"sezionatura\"><img loading=\"lazy\" decoding=\"async\" class=\"alignnone\" src=\"http:\/\/www.gallisrl.it\/wp-content\/uploads\/2015\/10\/galli-srl-senigallia_antine_cucina-sezionatura.jpg\" alt=\"\" width=\"770\" height=\"512\" \/> <span class=\"title_lavorazioni\">Zuschnitt und Pantographierung<\/span><\/a><\/p>\n<div class=\"fancybox-hidden\" style=\"display: none;\"><a href=\"http:\/\/www.gallisrl.it\/wp-content\/uploads\/2015\/10\/galli-srl-senigallia-antine-cucina_sezionatura_slide2.jpg\" rel=\"sezionatura\"><img decoding=\"async\" src=\"http:\/\/www.gallisrl.it\/wp-content\/uploads\/2015\/10\/galli-srl-senigallia-antine-cucina_sezionatura_slide2.jpg\" alt=\"\" \/><\/a> <a href=\"http:\/\/www.gallisrl.it\/wp-content\/uploads\/2015\/10\/galli-srl-senigallia-antine-cucina_sezionatura_slide3.jpg\" rel=\"sezionatura\"><img decoding=\"async\" src=\"http:\/\/www.gallisrl.it\/wp-content\/uploads\/2015\/10\/galli-srl-senigallia-antine-cucina_sezionatura_slide3.jpg\" alt=\"\" \/><\/a><\/div>\n<p>[\/vc_column_text][\/vc_column_inner][vc_column_inner width=&#8221;1\/3&#8243;][vc_column_text]<\/p>\n<p style=\"text-align: center;\"><a class=\"fancybox\" href=\"http:\/\/www.gallisrl.it\/wp-content\/uploads\/2015\/06\/galli-srl-senigallia-antine-cucina-fondo.jpg\" rel=\"fondo\"><img decoding=\"async\" src=\"http:\/\/www.gallisrl.it\/wp-content\/uploads\/2015\/06\/galli-srl-senigallia-antine-cucina-fondo.jpg\" alt=\"\" \/> <span class=\"title_lavorazioni\">Grundierung<\/span><\/a><\/p>\n<div class=\"fancybox-hidden\" style=\"display: none;\"><a href=\"http:\/\/www.gallisrl.it\/wp-content\/uploads\/2015\/10\/galli-srl-senigallia-antine-cucina-fondo-slide1.jpg\" rel=\"fondo\"><img decoding=\"async\" src=\"http:\/\/www.gallisrl.it\/wp-content\/uploads\/2015\/10\/galli-srl-senigallia-antine-cucina-fondo-slide1.jpg\" alt=\"\" \/><\/a> <a href=\"http:\/\/www.gallisrl.it\/wp-content\/uploads\/2015\/10\/galli-srl-senigallia-antine-cucina-fondo-slide2.jpg\" rel=\"fondo\"><img decoding=\"async\" src=\"http:\/\/www.gallisrl.it\/wp-content\/uploads\/2015\/10\/galli-srl-senigallia-antine-cucina-fondo-slide2.jpg\" alt=\"\" \/><\/a><\/div>\n<p>[\/vc_column_text][\/vc_column_inner][vc_column_inner width=&#8221;1\/3&#8243;][vc_column_text]<\/p>\n<p style=\"text-align: center;\"><a class=\"fancybox\" href=\"http:\/\/www.gallisrl.it\/wp-content\/uploads\/2015\/06\/galli-srl-senigallia-antine-cucina-carteggiatura.jpg\" rel=\"carteggiatura\"><img decoding=\"async\" src=\"http:\/\/www.gallisrl.it\/wp-content\/uploads\/2015\/06\/galli-srl-senigallia-antine-cucina-carteggiatura.jpg\" alt=\"\" \/> <span class=\"title_lavorazioni\">Schleif<\/span><\/a><\/p>\n<div class=\"fancybox-hidden\" style=\"display: none;\"><a href=\"http:\/\/www.gallisrl.it\/wp-content\/uploads\/2015\/10\/galli-srl-senigallia-antine-cucina-carteggiatura-slide1.jpg\" rel=\"carteggiatura\"><img decoding=\"async\" src=\"http:\/\/www.gallisrl.it\/wp-content\/uploads\/2015\/10\/galli-srl-senigallia-antine-cucina-carteggiatura-slide1.jpg\" alt=\"\" \/><\/a> <a href=\"http:\/\/www.gallisrl.it\/wp-content\/uploads\/2015\/10\/galli-srl-senigallia-antine-cucina-carteggiatura-slide2.jpg\" rel=\"carteggiatura\"><img decoding=\"async\" src=\"http:\/\/www.gallisrl.it\/wp-content\/uploads\/2015\/10\/galli-srl-senigallia-antine-cucina-carteggiatura-slide2.jpg\" alt=\"\" \/><\/a><\/div>\n<p>[\/vc_column_text][\/vc_column_inner][vc_column_inner][vc_empty_space][\/vc_column_inner][\/vc_row_inner][vc_row_inner el_class=&#8221;services-wrapp&#8221;][vc_column_inner width=&#8221;1\/3&#8243;][vc_column_text]<\/p>\n<p style=\"text-align: center;\"><a class=\"fancybox\" href=\"http:\/\/www.gallisrl.it\/wp-content\/uploads\/2015\/06\/galli-srl-senigallia-antine-cucina-verniciatura.jpg\" rel=\"verniciatura\"><img decoding=\"async\" src=\"http:\/\/www.gallisrl.it\/wp-content\/uploads\/2015\/06\/galli-srl-senigallia-antine-cucina-verniciatura.jpg\" alt=\"\" \/> <span class=\"title_lavorazioni\">Lackierung<\/span><\/a><\/p>\n<div class=\"fancybox-hidden\" style=\"display: none;\"><a href=\"http:\/\/www.gallisrl.it\/wp-content\/uploads\/2015\/10\/galli-srl-senigallia-antine-cucina-verniciatura-slide2.jpg\" rel=\"verniciatura\"><img decoding=\"async\" src=\"http:\/\/www.gallisrl.it\/wp-content\/uploads\/2015\/10\/galli-srl-senigallia-antine-cucina-verniciatura-slide2.jpg\" alt=\"\" \/><\/a><a href=\"http:\/\/www.gallisrl.it\/wp-content\/uploads\/2015\/10\/galli-srl-senigallia-antine-cucina-verniciatura-slide3.jpg\" rel=\"verniciatura\"><img decoding=\"async\" src=\"http:\/\/www.gallisrl.it\/wp-content\/uploads\/2015\/10\/galli-srl-senigallia-antine-cucina-verniciatura-slide3.jpg\" alt=\"\" \/><\/a><\/div>\n<p>[\/vc_column_text][\/vc_column_inner][vc_column_inner width=&#8221;1\/3&#8243;][vc_column_text]<\/p>\n<p style=\"text-align: center;\"><a class=\"fancybox\" href=\"http:\/\/www.gallisrl.it\/wp-content\/uploads\/2015\/06\/galli-srl-senigallia-antine-cucina-lucidatura.jpg\" rel=\"lucidatura\"><img decoding=\"async\" src=\"http:\/\/www.gallisrl.it\/wp-content\/uploads\/2015\/06\/galli-srl-senigallia-antine-cucina-lucidatura.jpg\" alt=\"\" \/> <span class=\"title_lavorazioni\">Polierung<\/span><\/a><\/p>\n<div class=\"fancybox-hidden\" style=\"display: none;\"><a href=\"http:\/\/www.gallisrl.it\/wp-content\/uploads\/2015\/10\/galli-srl-senigallia-antine-cucina-lucidatura-slide1.jpg\" rel=\"lucidatura\"><img decoding=\"async\" src=\"http:\/\/www.gallisrl.it\/wp-content\/uploads\/2015\/10\/galli-srl-senigallia-antine-cucina-lucidatura-slide1.jpg\" alt=\"\" \/><\/a> <a href=\"http:\/\/www.gallisrl.it\/wp-content\/uploads\/2015\/10\/galli-srl-senigallia-antine-cucina-lucidatura-slide2.jpg\" rel=\"lucidatura\"><img decoding=\"async\" src=\"http:\/\/www.gallisrl.it\/wp-content\/uploads\/2015\/10\/galli-srl-senigallia-antine-cucina-lucidatura-slide2.jpg\" alt=\"\" \/><\/a><\/div>\n<p>[\/vc_column_text][\/vc_column_inner][vc_column_inner width=&#8221;1\/3&#8243;][vc_column_text]<\/p>\n<p style=\"text-align: center;\"><a class=\"fancybox\" href=\"http:\/\/www.gallisrl.it\/wp-content\/uploads\/2015\/06\/galli-srl-senigallia-antine-cucina-controllo-qualita.jpg\" rel=\"controllo-qualita\"><img decoding=\"async\" src=\"http:\/\/www.gallisrl.it\/wp-content\/uploads\/2015\/06\/galli-srl-senigallia-antine-cucina-controllo-qualita.jpg\" alt=\"\" \/> <span class=\"title_lavorazioni\">Qualit\u00e4tskontrolle<\/span><\/a><\/p>\n<div class=\"fancybox-hidden\" style=\"display: none;\"><a href=\"http:\/\/www.gallisrl.it\/wp-content\/uploads\/2015\/10\/galli-srl-senigallia-antine-cucina-controllo-qualita-slide1.jpg\" rel=\"controllo-qualita\"><img decoding=\"async\" src=\"http:\/\/www.gallisrl.it\/wp-content\/uploads\/2015\/10\/galli-srl-senigallia-antine-cucina-controllo-qualita-slide1.jpg\" alt=\"\" \/><\/a> <a href=\"http:\/\/www.gallisrl.it\/wp-content\/uploads\/2015\/10\/galli-srl-senigallia-antine-cucina-controllo-qualita-slide2.jpg\" rel=\"controllo-qualita\"><img decoding=\"async\" src=\"http:\/\/www.gallisrl.it\/wp-content\/uploads\/2015\/10\/galli-srl-senigallia-antine-cucina-controllo-qualita-slide2.jpg\" alt=\"\" \/><\/a><\/div>\n<p>[\/vc_column_text][\/vc_column_inner][vc_column_inner][vc_empty_space][\/vc_column_inner][\/vc_row_inner][vc_row_inner el_class=&#8221;services-wrapp&#8221;][vc_column_inner width=&#8221;1\/3&#8243;][vc_column_text]<\/p>\n<p style=\"text-align: center;\"><a class=\"fancybox\" href=\"http:\/\/www.gallisrl.it\/wp-content\/uploads\/2015\/06\/galli-srl-senigallia-antine-cucina-imballaggio.jpg\" rel=\"imballaggio\"><img decoding=\"async\" src=\"http:\/\/www.gallisrl.it\/wp-content\/uploads\/2015\/06\/galli-srl-senigallia-antine-cucina-imballaggio.jpg\" alt=\"\" \/> <span class=\"title_lavorazioni\">Verpackung<\/span><\/a><\/p>\n<div class=\"fancybox-hidden\" style=\"display: none;\"><a href=\"http:\/\/www.gallisrl.it\/wp-content\/uploads\/2015\/10\/galli-srl-senigallia-antine-cucina-imballaggio-slide2.jpg\" rel=\"imballaggio\"><img decoding=\"async\" src=\"http:\/\/www.gallisrl.it\/wp-content\/uploads\/2015\/10\/galli-srl-senigallia-antine-cucina-imballaggio-slide2.jpg\" alt=\"\" \/><\/a> <a href=\"http:\/\/www.gallisrl.it\/wp-content\/uploads\/2015\/10\/galli-srl-senigallia-antine-cucina-imballaggio-slide1.jpg\" rel=\"imballaggio\"><img decoding=\"async\" src=\"http:\/\/www.gallisrl.it\/wp-content\/uploads\/2015\/10\/galli-srl-senigallia-antine-cucina-imballaggio-slide1.jpg\" alt=\"\" \/><\/a><\/div>\n<p>[\/vc_column_text][\/vc_column_inner][vc_column_inner width=&#8221;1\/3&#8243;][\/vc_column_inner][vc_column_inner width=&#8221;1\/3&#8243;][\/vc_column_inner][vc_column_inner][\/vc_column_inner][\/vc_row_inner][\/vc_column][\/vc_row]<\/p>\n<\/div>","protected":false},"excerpt":{"rendered":"<p>[vc_row][vc_column][vc_column_text] Handwerkskunst, KnowHow und Innovation Alle Fronten und M\u00f6belzubeh\u00f6re werden nach Kundenwunsch gefertigt und, falls n\u00f6tig, helfen wir Ihnen schon in der Entwicklungsphase . Wir freuen uns Ihnen unser 40 j\u00e4hriges KnowHow zur Verf\u00fcgung zu stellen.\u00a0Unser Unternehmen verf\u00fcgt \u00fcber modernste Maschinen und Spritzanlagen der industriellen Lackierungsbranche. Unser Team besteht aus hochqualifizierten Fachkr\u00e4fte, dessen Handwerkskunst und [&hellip;]<\/p>\n","protected":false},"author":2,"featured_media":0,"parent":0,"menu_order":0,"comment_status":"closed","ping_status":"closed","template":"","meta":{"footnotes":""},"class_list":["post-1066","page","type-page","status-publish","hentry"],"yoast_head":"<!-- This site is optimized with the Yoast SEO plugin v27.4 - https:\/\/yoast.com\/product\/yoast-seo-wordpress\/ -->\n<title>PRODUKTIONSPROZESSE | Galli srl<\/title>\n<meta name=\"robots\" content=\"index, follow, max-snippet:-1, max-image-preview:large, max-video-preview:-1\" \/>\n<link rel=\"canonical\" href=\"https:\/\/www.gallisrl.it\/de\/produktionsprozesse\/\" \/>\n<meta property=\"og:locale\" content=\"de_DE\" \/>\n<meta property=\"og:type\" content=\"article\" \/>\n<meta property=\"og:title\" content=\"PRODUKTIONSPROZESSE | Galli srl\" \/>\n<meta property=\"og:description\" content=\"[vc_row][vc_column][vc_column_text] Handwerkskunst, KnowHow und Innovation Alle Fronten und M\u00f6belzubeh\u00f6re werden nach Kundenwunsch gefertigt und, falls n\u00f6tig, helfen wir Ihnen schon in der Entwicklungsphase . Wir freuen uns Ihnen unser 40 j\u00e4hriges KnowHow zur Verf\u00fcgung zu stellen.\u00a0Unser Unternehmen verf\u00fcgt \u00fcber modernste Maschinen und Spritzanlagen der industriellen Lackierungsbranche. Unser Team besteht aus hochqualifizierten Fachkr\u00e4fte, dessen Handwerkskunst und [&hellip;]\" \/>\n<meta property=\"og:url\" content=\"https:\/\/www.gallisrl.it\/de\/produktionsprozesse\/\" \/>\n<meta property=\"og:site_name\" content=\"Galli srl\" \/>\n<meta property=\"article:publisher\" content=\"https:\/\/it-it.facebook.com\/Galli-Srl-894737883895943\/\" \/>\n<meta property=\"article:modified_time\" content=\"2016-08-02T12:20:25+00:00\" \/>\n<meta property=\"og:image\" content=\"http:\/\/www.gallisrl.it\/wp-content\/uploads\/2015\/10\/galli-srl-senigallia_antine_cucina-sezionatura.jpg\" \/>\n<meta name=\"twitter:card\" content=\"summary_large_image\" \/>\n<meta name=\"twitter:label1\" content=\"Gesch\u00e4tzte Lesezeit\" \/>\n\t<meta name=\"twitter:data1\" content=\"2\u00a0Minuten\" \/>\n<script type=\"application\/ld+json\" class=\"yoast-schema-graph\">{\"@context\":\"https:\\\/\\\/schema.org\",\"@graph\":[{\"@type\":\"WebPage\",\"@id\":\"https:\\\/\\\/www.gallisrl.it\\\/de\\\/produktionsprozesse\\\/\",\"url\":\"https:\\\/\\\/www.gallisrl.it\\\/de\\\/produktionsprozesse\\\/\",\"name\":\"PRODUKTIONSPROZESSE | Galli srl\",\"isPartOf\":{\"@id\":\"https:\\\/\\\/www.gallisrl.it\\\/#website\"},\"primaryImageOfPage\":{\"@id\":\"https:\\\/\\\/www.gallisrl.it\\\/de\\\/produktionsprozesse\\\/#primaryimage\"},\"image\":{\"@id\":\"https:\\\/\\\/www.gallisrl.it\\\/de\\\/produktionsprozesse\\\/#primaryimage\"},\"thumbnailUrl\":\"http:\\\/\\\/www.gallisrl.it\\\/wp-content\\\/uploads\\\/2015\\\/10\\\/galli-srl-senigallia_antine_cucina-sezionatura.jpg\",\"datePublished\":\"2015-10-14T11:17:18+00:00\",\"dateModified\":\"2016-08-02T12:20:25+00:00\",\"breadcrumb\":{\"@id\":\"https:\\\/\\\/www.gallisrl.it\\\/de\\\/produktionsprozesse\\\/#breadcrumb\"},\"inLanguage\":\"de\",\"potentialAction\":[{\"@type\":\"ReadAction\",\"target\":[\"https:\\\/\\\/www.gallisrl.it\\\/de\\\/produktionsprozesse\\\/\"]}]},{\"@type\":\"ImageObject\",\"inLanguage\":\"de\",\"@id\":\"https:\\\/\\\/www.gallisrl.it\\\/de\\\/produktionsprozesse\\\/#primaryimage\",\"url\":\"http:\\\/\\\/www.gallisrl.it\\\/wp-content\\\/uploads\\\/2015\\\/10\\\/galli-srl-senigallia_antine_cucina-sezionatura.jpg\",\"contentUrl\":\"http:\\\/\\\/www.gallisrl.it\\\/wp-content\\\/uploads\\\/2015\\\/10\\\/galli-srl-senigallia_antine_cucina-sezionatura.jpg\"},{\"@type\":\"BreadcrumbList\",\"@id\":\"https:\\\/\\\/www.gallisrl.it\\\/de\\\/produktionsprozesse\\\/#breadcrumb\",\"itemListElement\":[{\"@type\":\"ListItem\",\"position\":1,\"name\":\"Start\",\"item\":\"https:\\\/\\\/www.gallisrl.it\\\/de\\\/\"},{\"@type\":\"ListItem\",\"position\":2,\"name\":\"PRODUKTIONSPROZESSE\"}]},{\"@type\":\"WebSite\",\"@id\":\"https:\\\/\\\/www.gallisrl.it\\\/#website\",\"url\":\"https:\\\/\\\/www.gallisrl.it\\\/\",\"name\":\"Galli srl\",\"description\":\"Verniciatura e produzione di ante per cucine e mobili\",\"potentialAction\":[{\"@type\":\"SearchAction\",\"target\":{\"@type\":\"EntryPoint\",\"urlTemplate\":\"https:\\\/\\\/www.gallisrl.it\\\/?s={search_term_string}\"},\"query-input\":{\"@type\":\"PropertyValueSpecification\",\"valueRequired\":true,\"valueName\":\"search_term_string\"}}],\"inLanguage\":\"de\"}]}<\/script>\n<!-- \/ Yoast SEO plugin. -->","yoast_head_json":{"title":"PRODUKTIONSPROZESSE | Galli srl","robots":{"index":"index","follow":"follow","max-snippet":"max-snippet:-1","max-image-preview":"max-image-preview:large","max-video-preview":"max-video-preview:-1"},"canonical":"https:\/\/www.gallisrl.it\/de\/produktionsprozesse\/","og_locale":"de_DE","og_type":"article","og_title":"PRODUKTIONSPROZESSE | Galli srl","og_description":"[vc_row][vc_column][vc_column_text] Handwerkskunst, KnowHow und Innovation Alle Fronten und M\u00f6belzubeh\u00f6re werden nach Kundenwunsch gefertigt und, falls n\u00f6tig, helfen wir Ihnen schon in der Entwicklungsphase . Wir freuen uns Ihnen unser 40 j\u00e4hriges KnowHow zur Verf\u00fcgung zu stellen.\u00a0Unser Unternehmen verf\u00fcgt \u00fcber modernste Maschinen und Spritzanlagen der industriellen Lackierungsbranche. Unser Team besteht aus hochqualifizierten Fachkr\u00e4fte, dessen Handwerkskunst und [&hellip;]","og_url":"https:\/\/www.gallisrl.it\/de\/produktionsprozesse\/","og_site_name":"Galli srl","article_publisher":"https:\/\/it-it.facebook.com\/Galli-Srl-894737883895943\/","article_modified_time":"2016-08-02T12:20:25+00:00","og_image":[{"url":"http:\/\/www.gallisrl.it\/wp-content\/uploads\/2015\/10\/galli-srl-senigallia_antine_cucina-sezionatura.jpg","type":"","width":"","height":""}],"twitter_card":"summary_large_image","twitter_misc":{"Gesch\u00e4tzte Lesezeit":"2\u00a0Minuten"},"schema":{"@context":"https:\/\/schema.org","@graph":[{"@type":"WebPage","@id":"https:\/\/www.gallisrl.it\/de\/produktionsprozesse\/","url":"https:\/\/www.gallisrl.it\/de\/produktionsprozesse\/","name":"PRODUKTIONSPROZESSE | Galli srl","isPartOf":{"@id":"https:\/\/www.gallisrl.it\/#website"},"primaryImageOfPage":{"@id":"https:\/\/www.gallisrl.it\/de\/produktionsprozesse\/#primaryimage"},"image":{"@id":"https:\/\/www.gallisrl.it\/de\/produktionsprozesse\/#primaryimage"},"thumbnailUrl":"http:\/\/www.gallisrl.it\/wp-content\/uploads\/2015\/10\/galli-srl-senigallia_antine_cucina-sezionatura.jpg","datePublished":"2015-10-14T11:17:18+00:00","dateModified":"2016-08-02T12:20:25+00:00","breadcrumb":{"@id":"https:\/\/www.gallisrl.it\/de\/produktionsprozesse\/#breadcrumb"},"inLanguage":"de","potentialAction":[{"@type":"ReadAction","target":["https:\/\/www.gallisrl.it\/de\/produktionsprozesse\/"]}]},{"@type":"ImageObject","inLanguage":"de","@id":"https:\/\/www.gallisrl.it\/de\/produktionsprozesse\/#primaryimage","url":"http:\/\/www.gallisrl.it\/wp-content\/uploads\/2015\/10\/galli-srl-senigallia_antine_cucina-sezionatura.jpg","contentUrl":"http:\/\/www.gallisrl.it\/wp-content\/uploads\/2015\/10\/galli-srl-senigallia_antine_cucina-sezionatura.jpg"},{"@type":"BreadcrumbList","@id":"https:\/\/www.gallisrl.it\/de\/produktionsprozesse\/#breadcrumb","itemListElement":[{"@type":"ListItem","position":1,"name":"Start","item":"https:\/\/www.gallisrl.it\/de\/"},{"@type":"ListItem","position":2,"name":"PRODUKTIONSPROZESSE"}]},{"@type":"WebSite","@id":"https:\/\/www.gallisrl.it\/#website","url":"https:\/\/www.gallisrl.it\/","name":"Galli srl","description":"Verniciatura e produzione di ante per cucine e mobili","potentialAction":[{"@type":"SearchAction","target":{"@type":"EntryPoint","urlTemplate":"https:\/\/www.gallisrl.it\/?s={search_term_string}"},"query-input":{"@type":"PropertyValueSpecification","valueRequired":true,"valueName":"search_term_string"}}],"inLanguage":"de"}]}},"_links":{"self":[{"href":"https:\/\/www.gallisrl.it\/de\/wp-json\/wp\/v2\/pages\/1066","targetHints":{"allow":["GET"]}}],"collection":[{"href":"https:\/\/www.gallisrl.it\/de\/wp-json\/wp\/v2\/pages"}],"about":[{"href":"https:\/\/www.gallisrl.it\/de\/wp-json\/wp\/v2\/types\/page"}],"author":[{"embeddable":true,"href":"https:\/\/www.gallisrl.it\/de\/wp-json\/wp\/v2\/users\/2"}],"replies":[{"embeddable":true,"href":"https:\/\/www.gallisrl.it\/de\/wp-json\/wp\/v2\/comments?post=1066"}],"version-history":[{"count":0,"href":"https:\/\/www.gallisrl.it\/de\/wp-json\/wp\/v2\/pages\/1066\/revisions"}],"wp:attachment":[{"href":"https:\/\/www.gallisrl.it\/de\/wp-json\/wp\/v2\/media?parent=1066"}],"curies":[{"name":"wp","href":"https:\/\/api.w.org\/{rel}","templated":true}]}}