
{"id":1075,"date":"2015-06-17T08:55:21","date_gmt":"2015-06-17T08:55:21","guid":{"rendered":"http:\/\/www.gallisrl.it\/?page_id=1075"},"modified":"2023-03-17T18:15:13","modified_gmt":"2023-03-17T17:15:13","slug":"qualitat","status":"publish","type":"page","link":"https:\/\/www.gallisrl.it\/de\/qualitat\/","title":{"rendered":"Qualit\u00e4t"},"content":{"rendered":"<div class=\"wpb-content-wrapper\"><p>[vc_row][vc_column width=&#8221;2\/3&#8243;][vc_empty_space height=&#8221;50px&#8221;][vc_column_text]<\/p>\n<div id=\"bloccotesto\">\n<h1>Qualit\u00e4t! Ein Muss unserer Produkte<\/h1>\n<p style=\"text-align: justify;\">Im Laufe der Jahren wurde Qualit\u00e4t zum wichtigsten Bestandteil unseres Unternehmenssystems, der Leitfaden an dem sich alle Mitarbeiter richten m\u00fcssen um Kundenzufriedenheit zu erreichen. Diese Bem\u00fchung wurde im Jahr 2001 mit der Zertifizierung Qualit\u00e4tssystem ISO 9001 belohnt.<br \/>\nUm Qualit\u00e4t als sicherer Bestandteil aller Prozesse zu gew\u00e4hrleisten und um die Bed\u00fcrfnisse und Anspr\u00fcche des stetigen Marktwandels zu erf\u00fcllen, startete im Jahr 2009 ein Umstrukturierungsprojekt aller Produktionsprozesse nach den Just \u2013in- Time Prinzipien und dem sogenannten 6-fachen Null \u2013 Prinzip.<\/p>\n<ul style=\"font-size: 22px; color: #005da8;\">\n<li><i class=\"fa fa-check\"><\/i>Null Lager<\/li>\n<li><i class=\"fa fa-check\"><\/i>Null Fehler<\/li>\n<li><i class=\"fa fa-check\"><\/i>Null Konflikte<\/li>\n<li><i class=\"fa fa-check\"><\/i>Null Wartezeiten<\/li>\n<li><i class=\"fa fa-check\"><\/i>Null Wartezeiten f\u00fcr den Kunden<\/li>\n<li><i class=\"fa fa-check\"><\/i>Null Papierkram<\/li>\n<\/ul>\n<\/div>\n<p>[\/vc_column_text][\/vc_column][vc_column width=&#8221;1\/3&#8243;][vc_empty_space height=&#8221;147px&#8221;][vc_single_image image=&#8221;1455&#8243; img_size=&#8221;full&#8221; alignment=&#8221;center&#8221;][vc_empty_space height=&#8221;20&#8243;][vc_column_text css=&#8221;.vc_custom_1547140358039{margin-left: 30px !important;}&#8221;]<\/p>\n<h2>Konsultieren Sie die Zertifikate:<\/h2>\n<p><a href=\"http:\/\/www.gallisrl.it\/wp-content\/uploads\/2018\/05\/Cert_SQ163953-ICILA_QUA_00-galli-srl-senigallia.pdf\" target=\"_blank\" rel=\"noopener\">ICILA UNI EN ISO 9001:2015<\/a><br \/>\n<a href=\"http:\/\/www.gallisrl.it\/wp-content\/uploads\/2018\/05\/Certificato-IQNET-galli-srl-senigallia.pdf\" target=\"_blank\" rel=\"noopener\">IQNET\u00a0UNI EN ISO 9001:2015<\/a><br \/>\n<a href=\"http:\/\/www.gallisrl.it\/wp-content\/uploads\/2018\/05\/ICILA-COC-003025-galli-srl-senigallia.pdf\" target=\"_blank\" rel=\"noopener\">ICILA\u00a0&#8211; COC-003025<\/a>[\/vc_column_text][\/vc_column][\/vc_row][vc_row][vc_column][vc_empty_space][\/vc_column][\/vc_row][vc_row][vc_column][vc_column_text]<\/p>\n<div id=\"bloccotesto\">\n<h1>Pr\u00fcflabor<\/h1>\n<p style=\"text-align: justify;\">Der Wert unserer Produkte wird nicht nur an \u00c4sthetik gemessen. F\u00fcr die Sicherstellung der Qualit\u00e4t durchlaufen unsere Fronten verschiedene Tests, die intern in unserem Pr\u00fcflabor durchgef\u00fchrt werden. Bereits in der Entwicklungsphase werden qualitative Standards zusammen mit unseren Kunden festgelegt und dessen Erf\u00fcllung bis zum Fertigprodukt gepr\u00fcft.<br \/>\nUnser Labor verf\u00fcgt \u00fcber modernste Pr\u00fcfinstrumente die Kratzfestigkeit, chemische Best\u00e4ndigkeit und Lichtbest\u00e4ndigkeit der Fronten testen. Ein Spektralphotometer und ein Glanzmessger\u00e4t erm\u00f6glichen uns den erw\u00fcnschten Farbton zu ermitteln und zu kontrollieren.<br \/>\nDie Zusammenarbeit mit zertifizierten Pr\u00fcfinstituten wie CATAS, COSMOB und LGA Germany erweitert unser Testspektrum um auf Kundenwunsch individuelle Pr\u00fcfungen durchzuf\u00fchren.<\/p>\n<p><a href=\"http:\/\/www.gallisrl.it\/wp-content\/uploads\/2015\/10\/Galli-srl-senigallia-check-list-prove-laboratorio.pdf\" target=\"_blank\" rel=\"noopener\">Check List der durchgef\u00fchrten Tests<\/a>.<\/div>\n<p>[\/vc_column_text][\/vc_column][\/vc_row][vc_row][vc_column][vc_empty_space height=&#8221;50px&#8221;][\/vc_column][\/vc_row][vc_row][vc_column][vc_media_grid element_width=&#8221;3&#8243; grid_id=&#8221;vc_gid:1679073307130-5319be5b-672c-3&#8243; include=&#8221;932,933,934,935&#8243;][\/vc_column][\/vc_row][vc_row][vc_column][vc_empty_space height=&#8221;50px&#8221;][\/vc_column][\/vc_row]<\/p>\n<\/div>","protected":false},"excerpt":{"rendered":"<p>[vc_row][vc_column width=&#8221;2\/3&#8243;][vc_empty_space height=&#8221;50px&#8221;][vc_column_text] Qualit\u00e4t! Ein Muss unserer Produkte Im Laufe der Jahren wurde Qualit\u00e4t zum wichtigsten Bestandteil unseres Unternehmenssystems, der Leitfaden an dem sich alle Mitarbeiter richten m\u00fcssen um Kundenzufriedenheit zu erreichen. Diese Bem\u00fchung wurde im Jahr 2001 mit der Zertifizierung Qualit\u00e4tssystem ISO 9001 belohnt. Um Qualit\u00e4t als sicherer Bestandteil aller Prozesse zu gew\u00e4hrleisten und [&hellip;]<\/p>\n","protected":false},"author":2,"featured_media":0,"parent":0,"menu_order":0,"comment_status":"closed","ping_status":"closed","template":"","meta":{"footnotes":""},"class_list":["post-1075","page","type-page","status-publish","hentry"],"yoast_head":"<!-- This site is optimized with the Yoast SEO plugin v27.4 - https:\/\/yoast.com\/product\/yoast-seo-wordpress\/ -->\n<title>Qualit\u00e4t | Galli srl<\/title>\n<meta name=\"robots\" content=\"index, follow, max-snippet:-1, max-image-preview:large, max-video-preview:-1\" \/>\n<link rel=\"canonical\" href=\"https:\/\/www.gallisrl.it\/de\/qualitat\/\" \/>\n<meta property=\"og:locale\" content=\"de_DE\" \/>\n<meta property=\"og:type\" content=\"article\" \/>\n<meta property=\"og:title\" content=\"Qualit\u00e4t | Galli srl\" \/>\n<meta property=\"og:description\" content=\"[vc_row][vc_column width=&#8221;2\/3&#8243;][vc_empty_space height=&#8221;50px&#8221;][vc_column_text] Qualit\u00e4t! Ein Muss unserer Produkte Im Laufe der Jahren wurde Qualit\u00e4t zum wichtigsten Bestandteil unseres Unternehmenssystems, der Leitfaden an dem sich alle Mitarbeiter richten m\u00fcssen um Kundenzufriedenheit zu erreichen. Diese Bem\u00fchung wurde im Jahr 2001 mit der Zertifizierung Qualit\u00e4tssystem ISO 9001 belohnt. Um Qualit\u00e4t als sicherer Bestandteil aller Prozesse zu gew\u00e4hrleisten und [&hellip;]\" \/>\n<meta property=\"og:url\" content=\"https:\/\/www.gallisrl.it\/de\/qualitat\/\" \/>\n<meta property=\"og:site_name\" content=\"Galli srl\" \/>\n<meta property=\"article:publisher\" content=\"https:\/\/it-it.facebook.com\/Galli-Srl-894737883895943\/\" \/>\n<meta property=\"article:modified_time\" content=\"2023-03-17T17:15:13+00:00\" \/>\n<meta property=\"og:image\" content=\"http:\/\/www.gallisrl.it\/wp-content\/uploads\/2015\/10\/galli-srl-senigallia-antine-cucina_home_slide6.jpg\" \/>\n<meta name=\"twitter:card\" content=\"summary_large_image\" \/>\n<meta name=\"twitter:label1\" content=\"Gesch\u00e4tzte Lesezeit\" \/>\n\t<meta name=\"twitter:data1\" content=\"2\u00a0Minuten\" \/>\n<script type=\"application\/ld+json\" class=\"yoast-schema-graph\">{\"@context\":\"https:\\\/\\\/schema.org\",\"@graph\":[{\"@type\":\"WebPage\",\"@id\":\"https:\\\/\\\/www.gallisrl.it\\\/de\\\/qualitat\\\/\",\"url\":\"https:\\\/\\\/www.gallisrl.it\\\/de\\\/qualitat\\\/\",\"name\":\"Qualit\u00e4t | Galli srl\",\"isPartOf\":{\"@id\":\"https:\\\/\\\/www.gallisrl.it\\\/#website\"},\"datePublished\":\"2015-06-17T08:55:21+00:00\",\"dateModified\":\"2023-03-17T17:15:13+00:00\",\"breadcrumb\":{\"@id\":\"https:\\\/\\\/www.gallisrl.it\\\/de\\\/qualitat\\\/#breadcrumb\"},\"inLanguage\":\"de\",\"potentialAction\":[{\"@type\":\"ReadAction\",\"target\":[\"https:\\\/\\\/www.gallisrl.it\\\/de\\\/qualitat\\\/\"]}]},{\"@type\":\"BreadcrumbList\",\"@id\":\"https:\\\/\\\/www.gallisrl.it\\\/de\\\/qualitat\\\/#breadcrumb\",\"itemListElement\":[{\"@type\":\"ListItem\",\"position\":1,\"name\":\"Start\",\"item\":\"https:\\\/\\\/www.gallisrl.it\\\/de\\\/\"},{\"@type\":\"ListItem\",\"position\":2,\"name\":\"Qualit\u00e4t\"}]},{\"@type\":\"WebSite\",\"@id\":\"https:\\\/\\\/www.gallisrl.it\\\/#website\",\"url\":\"https:\\\/\\\/www.gallisrl.it\\\/\",\"name\":\"Galli srl\",\"description\":\"Verniciatura e produzione di ante per cucine e mobili\",\"potentialAction\":[{\"@type\":\"SearchAction\",\"target\":{\"@type\":\"EntryPoint\",\"urlTemplate\":\"https:\\\/\\\/www.gallisrl.it\\\/?s={search_term_string}\"},\"query-input\":{\"@type\":\"PropertyValueSpecification\",\"valueRequired\":true,\"valueName\":\"search_term_string\"}}],\"inLanguage\":\"de\"}]}<\/script>\n<!-- \/ Yoast SEO plugin. -->","yoast_head_json":{"title":"Qualit\u00e4t | Galli srl","robots":{"index":"index","follow":"follow","max-snippet":"max-snippet:-1","max-image-preview":"max-image-preview:large","max-video-preview":"max-video-preview:-1"},"canonical":"https:\/\/www.gallisrl.it\/de\/qualitat\/","og_locale":"de_DE","og_type":"article","og_title":"Qualit\u00e4t | Galli srl","og_description":"[vc_row][vc_column width=&#8221;2\/3&#8243;][vc_empty_space height=&#8221;50px&#8221;][vc_column_text] Qualit\u00e4t! Ein Muss unserer Produkte Im Laufe der Jahren wurde Qualit\u00e4t zum wichtigsten Bestandteil unseres Unternehmenssystems, der Leitfaden an dem sich alle Mitarbeiter richten m\u00fcssen um Kundenzufriedenheit zu erreichen. Diese Bem\u00fchung wurde im Jahr 2001 mit der Zertifizierung Qualit\u00e4tssystem ISO 9001 belohnt. Um Qualit\u00e4t als sicherer Bestandteil aller Prozesse zu gew\u00e4hrleisten und [&hellip;]","og_url":"https:\/\/www.gallisrl.it\/de\/qualitat\/","og_site_name":"Galli srl","article_publisher":"https:\/\/it-it.facebook.com\/Galli-Srl-894737883895943\/","article_modified_time":"2023-03-17T17:15:13+00:00","og_image":[{"url":"http:\/\/www.gallisrl.it\/wp-content\/uploads\/2015\/10\/galli-srl-senigallia-antine-cucina_home_slide6.jpg","type":"","width":"","height":""}],"twitter_card":"summary_large_image","twitter_misc":{"Gesch\u00e4tzte Lesezeit":"2\u00a0Minuten"},"schema":{"@context":"https:\/\/schema.org","@graph":[{"@type":"WebPage","@id":"https:\/\/www.gallisrl.it\/de\/qualitat\/","url":"https:\/\/www.gallisrl.it\/de\/qualitat\/","name":"Qualit\u00e4t | Galli srl","isPartOf":{"@id":"https:\/\/www.gallisrl.it\/#website"},"datePublished":"2015-06-17T08:55:21+00:00","dateModified":"2023-03-17T17:15:13+00:00","breadcrumb":{"@id":"https:\/\/www.gallisrl.it\/de\/qualitat\/#breadcrumb"},"inLanguage":"de","potentialAction":[{"@type":"ReadAction","target":["https:\/\/www.gallisrl.it\/de\/qualitat\/"]}]},{"@type":"BreadcrumbList","@id":"https:\/\/www.gallisrl.it\/de\/qualitat\/#breadcrumb","itemListElement":[{"@type":"ListItem","position":1,"name":"Start","item":"https:\/\/www.gallisrl.it\/de\/"},{"@type":"ListItem","position":2,"name":"Qualit\u00e4t"}]},{"@type":"WebSite","@id":"https:\/\/www.gallisrl.it\/#website","url":"https:\/\/www.gallisrl.it\/","name":"Galli srl","description":"Verniciatura e produzione di ante per cucine e mobili","potentialAction":[{"@type":"SearchAction","target":{"@type":"EntryPoint","urlTemplate":"https:\/\/www.gallisrl.it\/?s={search_term_string}"},"query-input":{"@type":"PropertyValueSpecification","valueRequired":true,"valueName":"search_term_string"}}],"inLanguage":"de"}]}},"_links":{"self":[{"href":"https:\/\/www.gallisrl.it\/de\/wp-json\/wp\/v2\/pages\/1075","targetHints":{"allow":["GET"]}}],"collection":[{"href":"https:\/\/www.gallisrl.it\/de\/wp-json\/wp\/v2\/pages"}],"about":[{"href":"https:\/\/www.gallisrl.it\/de\/wp-json\/wp\/v2\/types\/page"}],"author":[{"embeddable":true,"href":"https:\/\/www.gallisrl.it\/de\/wp-json\/wp\/v2\/users\/2"}],"replies":[{"embeddable":true,"href":"https:\/\/www.gallisrl.it\/de\/wp-json\/wp\/v2\/comments?post=1075"}],"version-history":[{"count":1,"href":"https:\/\/www.gallisrl.it\/de\/wp-json\/wp\/v2\/pages\/1075\/revisions"}],"predecessor-version":[{"id":2855,"href":"https:\/\/www.gallisrl.it\/de\/wp-json\/wp\/v2\/pages\/1075\/revisions\/2855"}],"wp:attachment":[{"href":"https:\/\/www.gallisrl.it\/de\/wp-json\/wp\/v2\/media?parent=1075"}],"curies":[{"name":"wp","href":"https:\/\/api.w.org\/{rel}","templated":true}]}}