
{"id":1545,"date":"2016-07-27T10:31:02","date_gmt":"2016-07-27T08:31:02","guid":{"rendered":"http:\/\/www.gallisrl.it\/?page_id=1545"},"modified":"2016-10-05T11:05:15","modified_gmt":"2016-10-05T09:05:15","slug":"danke-kontakte","status":"publish","type":"page","link":"https:\/\/www.gallisrl.it\/de\/danke-kontakte\/","title":{"rendered":"Danke"},"content":{"rendered":"<h2>Vielen Dank!<\/h2>\n<p>&nbsp;<\/p>\n<p>Wir bedanken uns f\u00fcr Ihre Kontaktaufnahme! Wir werden Ihre Anfrage schnellstm\u00f6glich bearbeiten und uns mit Ihnen in Verbindung setzen.<\/p>\n<p>Haben Sie einen sch\u00f6nen Tag.<\/p>\n","protected":false},"excerpt":{"rendered":"<p>Vielen Dank! &nbsp; Wir bedanken uns f\u00fcr Ihre Kontaktaufnahme! Wir werden Ihre Anfrage schnellstm\u00f6glich bearbeiten und uns mit Ihnen in Verbindung setzen. Haben Sie einen sch\u00f6nen Tag.<\/p>\n","protected":false},"author":2,"featured_media":0,"parent":0,"menu_order":0,"comment_status":"closed","ping_status":"closed","template":"","meta":{"footnotes":""},"class_list":["post-1545","page","type-page","status-publish","hentry"],"yoast_head":"<!-- This site is optimized with the Yoast SEO plugin v27.1.1 - https:\/\/yoast.com\/product\/yoast-seo-wordpress\/ -->\n<title>Danke | Galli srl<\/title>\n<meta name=\"robots\" content=\"index, follow, max-snippet:-1, max-image-preview:large, max-video-preview:-1\" \/>\n<link rel=\"canonical\" href=\"https:\/\/www.gallisrl.it\/de\/danke-kontakte\/\" \/>\n<meta property=\"og:locale\" content=\"de_DE\" \/>\n<meta property=\"og:type\" content=\"article\" \/>\n<meta property=\"og:title\" content=\"Danke | Galli srl\" \/>\n<meta property=\"og:description\" content=\"Vielen Dank! &nbsp; Wir bedanken uns f\u00fcr Ihre Kontaktaufnahme! Wir werden Ihre Anfrage schnellstm\u00f6glich bearbeiten und uns mit Ihnen in Verbindung setzen. Haben Sie einen sch\u00f6nen Tag.\" \/>\n<meta property=\"og:url\" content=\"https:\/\/www.gallisrl.it\/de\/danke-kontakte\/\" \/>\n<meta property=\"og:site_name\" content=\"Galli srl\" \/>\n<meta property=\"article:publisher\" content=\"https:\/\/it-it.facebook.com\/Galli-Srl-894737883895943\/\" \/>\n<meta property=\"article:modified_time\" content=\"2016-10-05T09:05:15+00:00\" \/>\n<meta property=\"og:image\" content=\"http:\/\/www.gallisrl.it\/wp-content\/uploads\/2015\/10\/galli-srl-senigallia-antine-cucina_home_slide6.jpg\" \/>\n<meta name=\"twitter:card\" content=\"summary_large_image\" \/>\n<script type=\"application\/ld+json\" class=\"yoast-schema-graph\">{\"@context\":\"https:\/\/schema.org\",\"@graph\":[{\"@type\":\"WebPage\",\"@id\":\"https:\/\/www.gallisrl.it\/de\/danke-kontakte\/\",\"url\":\"https:\/\/www.gallisrl.it\/de\/danke-kontakte\/\",\"name\":\"Danke | Galli srl\",\"isPartOf\":{\"@id\":\"https:\/\/www.gallisrl.it\/#website\"},\"datePublished\":\"2016-07-27T08:31:02+00:00\",\"dateModified\":\"2016-10-05T09:05:15+00:00\",\"breadcrumb\":{\"@id\":\"https:\/\/www.gallisrl.it\/de\/danke-kontakte\/#breadcrumb\"},\"inLanguage\":\"de\",\"potentialAction\":[{\"@type\":\"ReadAction\",\"target\":[\"https:\/\/www.gallisrl.it\/de\/danke-kontakte\/\"]}]},{\"@type\":\"BreadcrumbList\",\"@id\":\"https:\/\/www.gallisrl.it\/de\/danke-kontakte\/#breadcrumb\",\"itemListElement\":[{\"@type\":\"ListItem\",\"position\":1,\"name\":\"Start\",\"item\":\"https:\/\/www.gallisrl.it\/de\/\"},{\"@type\":\"ListItem\",\"position\":2,\"name\":\"Danke\"}]},{\"@type\":\"WebSite\",\"@id\":\"https:\/\/www.gallisrl.it\/#website\",\"url\":\"https:\/\/www.gallisrl.it\/\",\"name\":\"Galli srl\",\"description\":\"Verniciatura e produzione di ante per cucine e mobili\",\"potentialAction\":[{\"@type\":\"SearchAction\",\"target\":{\"@type\":\"EntryPoint\",\"urlTemplate\":\"https:\/\/www.gallisrl.it\/?s={search_term_string}\"},\"query-input\":{\"@type\":\"PropertyValueSpecification\",\"valueRequired\":true,\"valueName\":\"search_term_string\"}}],\"inLanguage\":\"de\"}]}<\/script>\n<!-- \/ Yoast SEO plugin. -->","yoast_head_json":{"title":"Danke | Galli srl","robots":{"index":"index","follow":"follow","max-snippet":"max-snippet:-1","max-image-preview":"max-image-preview:large","max-video-preview":"max-video-preview:-1"},"canonical":"https:\/\/www.gallisrl.it\/de\/danke-kontakte\/","og_locale":"de_DE","og_type":"article","og_title":"Danke | Galli srl","og_description":"Vielen Dank! &nbsp; Wir bedanken uns f\u00fcr Ihre Kontaktaufnahme! Wir werden Ihre Anfrage schnellstm\u00f6glich bearbeiten und uns mit Ihnen in Verbindung setzen. Haben Sie einen sch\u00f6nen Tag.","og_url":"https:\/\/www.gallisrl.it\/de\/danke-kontakte\/","og_site_name":"Galli srl","article_publisher":"https:\/\/it-it.facebook.com\/Galli-Srl-894737883895943\/","article_modified_time":"2016-10-05T09:05:15+00:00","og_image":[{"url":"http:\/\/www.gallisrl.it\/wp-content\/uploads\/2015\/10\/galli-srl-senigallia-antine-cucina_home_slide6.jpg","type":"","width":"","height":""}],"twitter_card":"summary_large_image","schema":{"@context":"https:\/\/schema.org","@graph":[{"@type":"WebPage","@id":"https:\/\/www.gallisrl.it\/de\/danke-kontakte\/","url":"https:\/\/www.gallisrl.it\/de\/danke-kontakte\/","name":"Danke | Galli srl","isPartOf":{"@id":"https:\/\/www.gallisrl.it\/#website"},"datePublished":"2016-07-27T08:31:02+00:00","dateModified":"2016-10-05T09:05:15+00:00","breadcrumb":{"@id":"https:\/\/www.gallisrl.it\/de\/danke-kontakte\/#breadcrumb"},"inLanguage":"de","potentialAction":[{"@type":"ReadAction","target":["https:\/\/www.gallisrl.it\/de\/danke-kontakte\/"]}]},{"@type":"BreadcrumbList","@id":"https:\/\/www.gallisrl.it\/de\/danke-kontakte\/#breadcrumb","itemListElement":[{"@type":"ListItem","position":1,"name":"Start","item":"https:\/\/www.gallisrl.it\/de\/"},{"@type":"ListItem","position":2,"name":"Danke"}]},{"@type":"WebSite","@id":"https:\/\/www.gallisrl.it\/#website","url":"https:\/\/www.gallisrl.it\/","name":"Galli srl","description":"Verniciatura e produzione di ante per cucine e mobili","potentialAction":[{"@type":"SearchAction","target":{"@type":"EntryPoint","urlTemplate":"https:\/\/www.gallisrl.it\/?s={search_term_string}"},"query-input":{"@type":"PropertyValueSpecification","valueRequired":true,"valueName":"search_term_string"}}],"inLanguage":"de"}]}},"_links":{"self":[{"href":"https:\/\/www.gallisrl.it\/de\/wp-json\/wp\/v2\/pages\/1545","targetHints":{"allow":["GET"]}}],"collection":[{"href":"https:\/\/www.gallisrl.it\/de\/wp-json\/wp\/v2\/pages"}],"about":[{"href":"https:\/\/www.gallisrl.it\/de\/wp-json\/wp\/v2\/types\/page"}],"author":[{"embeddable":true,"href":"https:\/\/www.gallisrl.it\/de\/wp-json\/wp\/v2\/users\/2"}],"replies":[{"embeddable":true,"href":"https:\/\/www.gallisrl.it\/de\/wp-json\/wp\/v2\/comments?post=1545"}],"version-history":[{"count":0,"href":"https:\/\/www.gallisrl.it\/de\/wp-json\/wp\/v2\/pages\/1545\/revisions"}],"wp:attachment":[{"href":"https:\/\/www.gallisrl.it\/de\/wp-json\/wp\/v2\/media?parent=1545"}],"curies":[{"name":"wp","href":"https:\/\/api.w.org\/{rel}","templated":true}]}}