
{"id":1867,"date":"2017-02-22T10:30:55","date_gmt":"2017-02-22T09:30:55","guid":{"rendered":"http:\/\/www.gallisrl.it\/de\/?page_id=1867"},"modified":"2017-02-22T10:31:50","modified_gmt":"2017-02-22T09:31:50","slug":"produkte","status":"publish","type":"page","link":"https:\/\/www.gallisrl.it\/de\/produkte\/","title":{"rendered":"Produkte"},"content":{"rendered":"<div class=\"wpb-content-wrapper\"><p>[vc_row][vc_column][vc_empty_space height=&#8221;50px&#8221;][vc_column_text]<\/p>\n<h1>Unsere Produktionsprozesse<\/h1>\n<p>[\/vc_column_text][vc_empty_space][\/vc_column][\/vc_row][vc_row][vc_column width=&#8221;1\/6&#8243;][qk_service image=&#8221;1436&#8243; link=&#8221;https:\/\/www.gallisrl.it\/de\/portfolio\/neoklassische-fronten\/&#8221;]JTNDYSUyMGhyZWYlM0QlMjJodHRwJTNBJTJGJTJGd3d3LmdhbGxpc3JsLml0JTJGZGUlMkZwb3J0Zm9saW8lMkZuZW9rbGFzc2lzY2hlLWZyb250ZW4lMkYlMjIlM0UlM0NoNCUyMGFsaWduJTNEJTIyY2VudGVyJTIyJTNFTmVva2xhc3Npc2NoZSUyMEZyb250ZW4lM0MlMkZoNCUzRSUzQyUyRmElM0U=[\/qk_service][\/vc_column][vc_column width=&#8221;1\/6&#8243;][qk_service image=&#8221;1759&#8243; link=&#8221;https:\/\/www.gallisrl.it\/de\/portfolio\/holzfronten\/&#8221;]JTNDYSUyMGhyZWYlM0QlMjJodHRwJTNBJTJGJTJGd3d3LmdhbGxpc3JsLml0JTJGZGUlMkZwb3J0Zm9saW8lMkZob2x6ZnJvbnRlbiUyRiUyMiUzRSUzQ2g0JTIwYWxpZ24lM0QlMjJjZW50ZXIlMjIlM0VIb2x6ZnJvbnRlbiUzQyUyRmg0JTNFJTNDJTJGYSUzRQ==[\/qk_service][\/vc_column][vc_column width=&#8221;1\/6&#8243;][qk_service image=&#8221;1392&#8243; link=&#8221;https:\/\/www.gallisrl.it\/de\/portfolio\/furnierte-fronten\/&#8221;]JTNDYSUyMGhyZWYlM0QlMjJodHRwJTNBJTJGJTJGd3d3LmdhbGxpc3JsLml0JTJGZGUlMkZwb3J0Zm9saW8lMkZmdXJuaWVydGUtZnJvbnRlbiUyRiUyMiUzRSUzQ2g0JTIwYWxpZ24lM0QlMjJjZW50ZXIlMjIlM0VGdXJuaWVydGUlMjBGcm9udGVuJTNDJTJGaDQlM0UlM0MlMkZhJTNF[\/qk_service][\/vc_column][vc_column width=&#8221;1\/6&#8243;][qk_service image=&#8221;1431&#8243; link=&#8221;https:\/\/www.gallisrl.it\/de\/portfolio\/lackfronten\/&#8221;]JTNDYSUyMGhyZWYlM0QlMjJodHRwJTNBJTJGJTJGd3d3LmdhbGxpc3JsLml0JTJGZGUlMkZwb3J0Zm9saW8lMkZsYWNrZnJvbnRlbiUyRiUyMiUzRSUzQ2g0JTIwYWxpZ24lM0QlMjJjZW50ZXIlMjIlM0VMYWNrZnJvbnRlbiUzQyUyRmg0JTNFJTNDJTJGYSUzRQ==[\/qk_service][\/vc_column][vc_column width=&#8221;1\/6&#8243;][qk_service image=&#8221;1445&#8243; link=&#8221;https:\/\/www.gallisrl.it\/de\/portfolio\/dekorteile\/&#8221;]JTNDYSUyMGhyZWYlM0QlMjJodHRwJTNBJTJGJTJGd3d3LmdhbGxpc3JsLml0JTJGZGUlMkZwb3J0Zm9saW8lMkZkZWtvcnRlaWxlJTJGJTIyJTNFJTNDaDQlMjBhbGlnbiUzRCUyMmNlbnRlciUyMiUzRURla29ydGVpbGUlM0MlMkZoNCUzRSUzQyUyRmElM0U=[\/qk_service][\/vc_column][\/vc_row][vc_row][vc_column][vc_empty_space height=&#8221;50px&#8221;][vc_column_text]<\/p>\n<h1>Unsere\u00a0produkte<\/h1>\n<p>[\/vc_column_text][vc_empty_space][\/vc_column][\/vc_row][vc_row][vc_column width=&#8221;1\/2&#8243;][vc_column_text]<\/p>\n<h3><span lang=\"de-DE\"><b>Holz-und Lackfronten f\u00fcr K\u00fcche, M\u00f6bel und Bad<\/b><\/span><\/h3>\n<p><span lang=\"de-DE\">Obwohl unsere Produkte haups\u00e4chtlich f\u00fcr K\u00fcchenhersteller gefertigt werden, finden Sie auch in Badezimmern, Wohn-und Schlafbereichen Einsatz. Mit unserem KnowHow begleiten wir unsere internationalen Partner von der Projektplanung bis zum Fertigprodukt.<\/span><\/p>\n<h3><span lang=\"de-DE\"><b>Fronten werden zusammen mit unseren Kunden entworfen und getestet<\/b><\/span><\/h3>\n<p><span lang=\"de-DE\">Alle Modelle werden nach Kundenwunsch gefertigt. Zusammen mit unseren Kunden werden Projekte entwickelt und Standards festgesetzt.\u00a0<\/span><span lang=\"de-DE\">F\u00fcr Ausk\u00fcnfte \u00fcber technische Eigenschaften und Lackierungsm\u00f6glichkeiten stehen Ihnen jederzeit unser <\/span><span lang=\"de-DE\"><b>Pr\u00fcflabor<\/b><\/span><span lang=\"de-DE\"> und unsere technische Abteilung zur Verf\u00fcgung.<\/span><\/p>\n<h3><span lang=\"de-DE\"><b>Eine flexible und kundenorientierte Produktion<\/b><\/span><\/h3>\n<p><span lang=\"de-DE\">In Zusammenarbeit mit unseren Kunden werden technische Eigenschaften der Fronten festgesetzt uns Serien- , Kommisions- oder Just-In \u2013Time Lieferungen individuell abgestimmt.\u00a0<\/span><span lang=\"de-DE\">Unser Betrieb verf\u00fcgt \u00fcber ein hochautomatisiertes Lager um die Produktion und Steuerung der Halbfertigprodukte zu optimieren.<\/span><\/p>\n<h3><b><span lang=\"de-DE\">Nicht nur Fronten sondern auch Dekortei<\/span><span lang=\"de-DE\">le<\/span><\/b><\/h3>\n<p><span lang=\"de-DE\">Unsere Frontenfertigung wird mit der Herstellung\u00a0dekorativer M\u00f6belzubeh\u00f6re, wie Seitenwangen, S\u00e4ulen, Kranzgesimse und Sockel \u00a0erweitert. Die ideale L\u00f6sung um M\u00f6beln ein stilvolles und luxuri\u00f6ses Erscheinungsbild zu verleihen und diese in jedes Ambiente anzupassen.<\/span>[\/vc_column_text][\/vc_column][vc_column width=&#8221;1\/2&#8243;][qk_flexslider][qk_slide image=&#8221;892&#8243;][\/qk_slide][qk_slide image=&#8221;893&#8243;][\/qk_slide][qk_slide image=&#8221;894&#8243;][\/qk_slide][qk_slide image=&#8221;895&#8243;][\/qk_slide][qk_slide image=&#8221;896&#8243;][\/qk_slide][\/qk_flexslider][vc_btn title=&#8221;Schreiben Sie uns. Wir realisieren Ihr Objekt&#8221; style=&#8221;flat&#8221; shape=&#8221;square&#8221; color=&#8221;primary&#8221; align=&#8221;center&#8221; i_align=&#8221;right&#8221; i_icon_fontawesome=&#8221;fa fa-angle-right&#8221; css_animation=&#8221;appear&#8221; button_block=&#8221;true&#8221; add_icon=&#8221;true&#8221; link=&#8221;url:http%3A%2F%2Fwww.gallisrl.it%2Fde%2Fcontract%2F||&#8221;][vc_empty_space height=&#8221;5px&#8221;][vc_video link=&#8221;https:\/\/youtu.be\/vclVWjNlaOU&#8221;][\/vc_column][\/vc_row][vc_row][vc_column][vc_empty_space height=&#8221;50px&#8221;][\/vc_column][\/vc_row]<\/p>\n<\/div>","protected":false},"excerpt":{"rendered":"<p>[vc_row][vc_column][vc_empty_space height=&#8221;50px&#8221;][vc_column_text] Unsere Produktionsprozesse [\/vc_column_text][vc_empty_space][\/vc_column][\/vc_row][vc_row][vc_column width=&#8221;1\/6&#8243;][qk_service image=&#8221;1436&#8243; link=&#8221;https:\/\/www.gallisrl.it\/de\/portfolio\/neoklassische-fronten\/&#8221;]JTNDYSUyMGhyZWYlM0QlMjJodHRwJTNBJTJGJTJGd3d3LmdhbGxpc3JsLml0JTJGZGUlMkZwb3J0Zm9saW8lMkZuZW9rbGFzc2lzY2hlLWZyb250ZW4lMkYlMjIlM0UlM0NoNCUyMGFsaWduJTNEJTIyY2VudGVyJTIyJTNFTmVva2xhc3Npc2NoZSUyMEZyb250ZW4lM0MlMkZoNCUzRSUzQyUyRmElM0U=[\/qk_service][\/vc_column][vc_column width=&#8221;1\/6&#8243;][qk_service image=&#8221;1759&#8243; link=&#8221;https:\/\/www.gallisrl.it\/de\/portfolio\/holzfronten\/&#8221;]JTNDYSUyMGhyZWYlM0QlMjJodHRwJTNBJTJGJTJGd3d3LmdhbGxpc3JsLml0JTJGZGUlMkZwb3J0Zm9saW8lMkZob2x6ZnJvbnRlbiUyRiUyMiUzRSUzQ2g0JTIwYWxpZ24lM0QlMjJjZW50ZXIlMjIlM0VIb2x6ZnJvbnRlbiUzQyUyRmg0JTNFJTNDJTJGYSUzRQ==[\/qk_service][\/vc_column][vc_column width=&#8221;1\/6&#8243;][qk_service image=&#8221;1392&#8243; link=&#8221;https:\/\/www.gallisrl.it\/de\/portfolio\/furnierte-fronten\/&#8221;]JTNDYSUyMGhyZWYlM0QlMjJodHRwJTNBJTJGJTJGd3d3LmdhbGxpc3JsLml0JTJGZGUlMkZwb3J0Zm9saW8lMkZmdXJuaWVydGUtZnJvbnRlbiUyRiUyMiUzRSUzQ2g0JTIwYWxpZ24lM0QlMjJjZW50ZXIlMjIlM0VGdXJuaWVydGUlMjBGcm9udGVuJTNDJTJGaDQlM0UlM0MlMkZhJTNF[\/qk_service][\/vc_column][vc_column width=&#8221;1\/6&#8243;][qk_service image=&#8221;1431&#8243; link=&#8221;https:\/\/www.gallisrl.it\/de\/portfolio\/lackfronten\/&#8221;]JTNDYSUyMGhyZWYlM0QlMjJodHRwJTNBJTJGJTJGd3d3LmdhbGxpc3JsLml0JTJGZGUlMkZwb3J0Zm9saW8lMkZsYWNrZnJvbnRlbiUyRiUyMiUzRSUzQ2g0JTIwYWxpZ24lM0QlMjJjZW50ZXIlMjIlM0VMYWNrZnJvbnRlbiUzQyUyRmg0JTNFJTNDJTJGYSUzRQ==[\/qk_service][\/vc_column][vc_column width=&#8221;1\/6&#8243;][qk_service image=&#8221;1445&#8243; link=&#8221;https:\/\/www.gallisrl.it\/de\/portfolio\/dekorteile\/&#8221;]JTNDYSUyMGhyZWYlM0QlMjJodHRwJTNBJTJGJTJGd3d3LmdhbGxpc3JsLml0JTJGZGUlMkZwb3J0Zm9saW8lMkZkZWtvcnRlaWxlJTJGJTIyJTNFJTNDaDQlMjBhbGlnbiUzRCUyMmNlbnRlciUyMiUzRURla29ydGVpbGUlM0MlMkZoNCUzRSUzQyUyRmElM0U=[\/qk_service][\/vc_column][\/vc_row][vc_row][vc_column][vc_empty_space height=&#8221;50px&#8221;][vc_column_text] Unsere\u00a0produkte [\/vc_column_text][vc_empty_space][\/vc_column][\/vc_row][vc_row][vc_column width=&#8221;1\/2&#8243;][vc_column_text] Holz-und Lackfronten f\u00fcr K\u00fcche, M\u00f6bel und Bad Obwohl unsere Produkte haups\u00e4chtlich f\u00fcr K\u00fcchenhersteller gefertigt werden, finden Sie auch in Badezimmern, Wohn-und Schlafbereichen Einsatz. Mit unserem KnowHow begleiten wir unsere internationalen Partner [&hellip;]<\/p>\n","protected":false},"author":2,"featured_media":0,"parent":0,"menu_order":0,"comment_status":"closed","ping_status":"closed","template":"","meta":{"footnotes":""},"class_list":["post-1867","page","type-page","status-publish","hentry"],"yoast_head":"<!-- This site is optimized with the Yoast SEO plugin v27.4 - https:\/\/yoast.com\/product\/yoast-seo-wordpress\/ -->\n<title>Produkte | Galli srl<\/title>\n<meta name=\"robots\" content=\"index, follow, max-snippet:-1, max-image-preview:large, max-video-preview:-1\" \/>\n<link rel=\"canonical\" href=\"https:\/\/www.gallisrl.it\/de\/produkte\/\" \/>\n<meta property=\"og:locale\" content=\"de_DE\" \/>\n<meta property=\"og:type\" content=\"article\" \/>\n<meta property=\"og:title\" content=\"Produkte | Galli srl\" \/>\n<meta property=\"og:description\" content=\"[vc_row][vc_column][vc_empty_space height=&#8221;50px&#8221;][vc_column_text] Unsere Produktionsprozesse [\/vc_column_text][vc_empty_space][\/vc_column][\/vc_row][vc_row][vc_column width=&#8221;1\/6&#8243;][qk_service image=&#8221;1436&#8243; link=&#8221;https:\/\/www.gallisrl.it\/de\/portfolio\/neoklassische-fronten\/&#8221;]JTNDYSUyMGhyZWYlM0QlMjJodHRwJTNBJTJGJTJGd3d3LmdhbGxpc3JsLml0JTJGZGUlMkZwb3J0Zm9saW8lMkZuZW9rbGFzc2lzY2hlLWZyb250ZW4lMkYlMjIlM0UlM0NoNCUyMGFsaWduJTNEJTIyY2VudGVyJTIyJTNFTmVva2xhc3Npc2NoZSUyMEZyb250ZW4lM0MlMkZoNCUzRSUzQyUyRmElM0U=[\/qk_service][\/vc_column][vc_column width=&#8221;1\/6&#8243;][qk_service image=&#8221;1759&#8243; link=&#8221;https:\/\/www.gallisrl.it\/de\/portfolio\/holzfronten\/&#8221;]JTNDYSUyMGhyZWYlM0QlMjJodHRwJTNBJTJGJTJGd3d3LmdhbGxpc3JsLml0JTJGZGUlMkZwb3J0Zm9saW8lMkZob2x6ZnJvbnRlbiUyRiUyMiUzRSUzQ2g0JTIwYWxpZ24lM0QlMjJjZW50ZXIlMjIlM0VIb2x6ZnJvbnRlbiUzQyUyRmg0JTNFJTNDJTJGYSUzRQ==[\/qk_service][\/vc_column][vc_column width=&#8221;1\/6&#8243;][qk_service image=&#8221;1392&#8243; link=&#8221;https:\/\/www.gallisrl.it\/de\/portfolio\/furnierte-fronten\/&#8221;]JTNDYSUyMGhyZWYlM0QlMjJodHRwJTNBJTJGJTJGd3d3LmdhbGxpc3JsLml0JTJGZGUlMkZwb3J0Zm9saW8lMkZmdXJuaWVydGUtZnJvbnRlbiUyRiUyMiUzRSUzQ2g0JTIwYWxpZ24lM0QlMjJjZW50ZXIlMjIlM0VGdXJuaWVydGUlMjBGcm9udGVuJTNDJTJGaDQlM0UlM0MlMkZhJTNF[\/qk_service][\/vc_column][vc_column width=&#8221;1\/6&#8243;][qk_service image=&#8221;1431&#8243; link=&#8221;https:\/\/www.gallisrl.it\/de\/portfolio\/lackfronten\/&#8221;]JTNDYSUyMGhyZWYlM0QlMjJodHRwJTNBJTJGJTJGd3d3LmdhbGxpc3JsLml0JTJGZGUlMkZwb3J0Zm9saW8lMkZsYWNrZnJvbnRlbiUyRiUyMiUzRSUzQ2g0JTIwYWxpZ24lM0QlMjJjZW50ZXIlMjIlM0VMYWNrZnJvbnRlbiUzQyUyRmg0JTNFJTNDJTJGYSUzRQ==[\/qk_service][\/vc_column][vc_column width=&#8221;1\/6&#8243;][qk_service image=&#8221;1445&#8243; link=&#8221;https:\/\/www.gallisrl.it\/de\/portfolio\/dekorteile\/&#8221;]JTNDYSUyMGhyZWYlM0QlMjJodHRwJTNBJTJGJTJGd3d3LmdhbGxpc3JsLml0JTJGZGUlMkZwb3J0Zm9saW8lMkZkZWtvcnRlaWxlJTJGJTIyJTNFJTNDaDQlMjBhbGlnbiUzRCUyMmNlbnRlciUyMiUzRURla29ydGVpbGUlM0MlMkZoNCUzRSUzQyUyRmElM0U=[\/qk_service][\/vc_column][\/vc_row][vc_row][vc_column][vc_empty_space height=&#8221;50px&#8221;][vc_column_text] Unsere\u00a0produkte [\/vc_column_text][vc_empty_space][\/vc_column][\/vc_row][vc_row][vc_column width=&#8221;1\/2&#8243;][vc_column_text] Holz-und Lackfronten f\u00fcr K\u00fcche, M\u00f6bel und Bad Obwohl unsere Produkte haups\u00e4chtlich f\u00fcr K\u00fcchenhersteller gefertigt werden, finden Sie auch in Badezimmern, Wohn-und Schlafbereichen Einsatz. Mit unserem KnowHow begleiten wir unsere internationalen Partner [&hellip;]\" \/>\n<meta property=\"og:url\" content=\"https:\/\/www.gallisrl.it\/de\/produkte\/\" \/>\n<meta property=\"og:site_name\" content=\"Galli srl\" \/>\n<meta property=\"article:publisher\" content=\"https:\/\/it-it.facebook.com\/Galli-Srl-894737883895943\/\" \/>\n<meta property=\"article:modified_time\" content=\"2017-02-22T09:31:50+00:00\" \/>\n<meta property=\"og:image\" content=\"http:\/\/www.gallisrl.it\/wp-content\/uploads\/2015\/10\/galli-srl-senigallia-antine-cucina_home_slide6.jpg\" \/>\n<meta name=\"twitter:card\" content=\"summary_large_image\" \/>\n<meta name=\"twitter:label1\" content=\"Gesch\u00e4tzte Lesezeit\" \/>\n\t<meta name=\"twitter:data1\" content=\"3\u00a0Minuten\" \/>\n<script type=\"application\/ld+json\" class=\"yoast-schema-graph\">{\"@context\":\"https:\\\/\\\/schema.org\",\"@graph\":[{\"@type\":\"WebPage\",\"@id\":\"https:\\\/\\\/www.gallisrl.it\\\/de\\\/produkte\\\/\",\"url\":\"https:\\\/\\\/www.gallisrl.it\\\/de\\\/produkte\\\/\",\"name\":\"Produkte | Galli srl\",\"isPartOf\":{\"@id\":\"https:\\\/\\\/www.gallisrl.it\\\/#website\"},\"datePublished\":\"2017-02-22T09:30:55+00:00\",\"dateModified\":\"2017-02-22T09:31:50+00:00\",\"breadcrumb\":{\"@id\":\"https:\\\/\\\/www.gallisrl.it\\\/de\\\/produkte\\\/#breadcrumb\"},\"inLanguage\":\"de\",\"potentialAction\":[{\"@type\":\"ReadAction\",\"target\":[\"https:\\\/\\\/www.gallisrl.it\\\/de\\\/produkte\\\/\"]}]},{\"@type\":\"BreadcrumbList\",\"@id\":\"https:\\\/\\\/www.gallisrl.it\\\/de\\\/produkte\\\/#breadcrumb\",\"itemListElement\":[{\"@type\":\"ListItem\",\"position\":1,\"name\":\"Start\",\"item\":\"https:\\\/\\\/www.gallisrl.it\\\/de\\\/\"},{\"@type\":\"ListItem\",\"position\":2,\"name\":\"Produkte\"}]},{\"@type\":\"WebSite\",\"@id\":\"https:\\\/\\\/www.gallisrl.it\\\/#website\",\"url\":\"https:\\\/\\\/www.gallisrl.it\\\/\",\"name\":\"Galli srl\",\"description\":\"Verniciatura e produzione di ante per cucine e mobili\",\"potentialAction\":[{\"@type\":\"SearchAction\",\"target\":{\"@type\":\"EntryPoint\",\"urlTemplate\":\"https:\\\/\\\/www.gallisrl.it\\\/?s={search_term_string}\"},\"query-input\":{\"@type\":\"PropertyValueSpecification\",\"valueRequired\":true,\"valueName\":\"search_term_string\"}}],\"inLanguage\":\"de\"}]}<\/script>\n<!-- \/ Yoast SEO plugin. -->","yoast_head_json":{"title":"Produkte | Galli srl","robots":{"index":"index","follow":"follow","max-snippet":"max-snippet:-1","max-image-preview":"max-image-preview:large","max-video-preview":"max-video-preview:-1"},"canonical":"https:\/\/www.gallisrl.it\/de\/produkte\/","og_locale":"de_DE","og_type":"article","og_title":"Produkte | Galli srl","og_description":"[vc_row][vc_column][vc_empty_space height=&#8221;50px&#8221;][vc_column_text] Unsere Produktionsprozesse [\/vc_column_text][vc_empty_space][\/vc_column][\/vc_row][vc_row][vc_column width=&#8221;1\/6&#8243;][qk_service image=&#8221;1436&#8243; link=&#8221;https:\/\/www.gallisrl.it\/de\/portfolio\/neoklassische-fronten\/&#8221;]JTNDYSUyMGhyZWYlM0QlMjJodHRwJTNBJTJGJTJGd3d3LmdhbGxpc3JsLml0JTJGZGUlMkZwb3J0Zm9saW8lMkZuZW9rbGFzc2lzY2hlLWZyb250ZW4lMkYlMjIlM0UlM0NoNCUyMGFsaWduJTNEJTIyY2VudGVyJTIyJTNFTmVva2xhc3Npc2NoZSUyMEZyb250ZW4lM0MlMkZoNCUzRSUzQyUyRmElM0U=[\/qk_service][\/vc_column][vc_column width=&#8221;1\/6&#8243;][qk_service image=&#8221;1759&#8243; link=&#8221;https:\/\/www.gallisrl.it\/de\/portfolio\/holzfronten\/&#8221;]JTNDYSUyMGhyZWYlM0QlMjJodHRwJTNBJTJGJTJGd3d3LmdhbGxpc3JsLml0JTJGZGUlMkZwb3J0Zm9saW8lMkZob2x6ZnJvbnRlbiUyRiUyMiUzRSUzQ2g0JTIwYWxpZ24lM0QlMjJjZW50ZXIlMjIlM0VIb2x6ZnJvbnRlbiUzQyUyRmg0JTNFJTNDJTJGYSUzRQ==[\/qk_service][\/vc_column][vc_column width=&#8221;1\/6&#8243;][qk_service image=&#8221;1392&#8243; link=&#8221;https:\/\/www.gallisrl.it\/de\/portfolio\/furnierte-fronten\/&#8221;]JTNDYSUyMGhyZWYlM0QlMjJodHRwJTNBJTJGJTJGd3d3LmdhbGxpc3JsLml0JTJGZGUlMkZwb3J0Zm9saW8lMkZmdXJuaWVydGUtZnJvbnRlbiUyRiUyMiUzRSUzQ2g0JTIwYWxpZ24lM0QlMjJjZW50ZXIlMjIlM0VGdXJuaWVydGUlMjBGcm9udGVuJTNDJTJGaDQlM0UlM0MlMkZhJTNF[\/qk_service][\/vc_column][vc_column width=&#8221;1\/6&#8243;][qk_service image=&#8221;1431&#8243; link=&#8221;https:\/\/www.gallisrl.it\/de\/portfolio\/lackfronten\/&#8221;]JTNDYSUyMGhyZWYlM0QlMjJodHRwJTNBJTJGJTJGd3d3LmdhbGxpc3JsLml0JTJGZGUlMkZwb3J0Zm9saW8lMkZsYWNrZnJvbnRlbiUyRiUyMiUzRSUzQ2g0JTIwYWxpZ24lM0QlMjJjZW50ZXIlMjIlM0VMYWNrZnJvbnRlbiUzQyUyRmg0JTNFJTNDJTJGYSUzRQ==[\/qk_service][\/vc_column][vc_column width=&#8221;1\/6&#8243;][qk_service image=&#8221;1445&#8243; link=&#8221;https:\/\/www.gallisrl.it\/de\/portfolio\/dekorteile\/&#8221;]JTNDYSUyMGhyZWYlM0QlMjJodHRwJTNBJTJGJTJGd3d3LmdhbGxpc3JsLml0JTJGZGUlMkZwb3J0Zm9saW8lMkZkZWtvcnRlaWxlJTJGJTIyJTNFJTNDaDQlMjBhbGlnbiUzRCUyMmNlbnRlciUyMiUzRURla29ydGVpbGUlM0MlMkZoNCUzRSUzQyUyRmElM0U=[\/qk_service][\/vc_column][\/vc_row][vc_row][vc_column][vc_empty_space height=&#8221;50px&#8221;][vc_column_text] Unsere\u00a0produkte [\/vc_column_text][vc_empty_space][\/vc_column][\/vc_row][vc_row][vc_column width=&#8221;1\/2&#8243;][vc_column_text] Holz-und Lackfronten f\u00fcr K\u00fcche, M\u00f6bel und Bad Obwohl unsere Produkte haups\u00e4chtlich f\u00fcr K\u00fcchenhersteller gefertigt werden, finden Sie auch in Badezimmern, Wohn-und Schlafbereichen Einsatz. Mit unserem KnowHow begleiten wir unsere internationalen Partner [&hellip;]","og_url":"https:\/\/www.gallisrl.it\/de\/produkte\/","og_site_name":"Galli srl","article_publisher":"https:\/\/it-it.facebook.com\/Galli-Srl-894737883895943\/","article_modified_time":"2017-02-22T09:31:50+00:00","og_image":[{"url":"http:\/\/www.gallisrl.it\/wp-content\/uploads\/2015\/10\/galli-srl-senigallia-antine-cucina_home_slide6.jpg","type":"","width":"","height":""}],"twitter_card":"summary_large_image","twitter_misc":{"Gesch\u00e4tzte Lesezeit":"3\u00a0Minuten"},"schema":{"@context":"https:\/\/schema.org","@graph":[{"@type":"WebPage","@id":"https:\/\/www.gallisrl.it\/de\/produkte\/","url":"https:\/\/www.gallisrl.it\/de\/produkte\/","name":"Produkte | Galli srl","isPartOf":{"@id":"https:\/\/www.gallisrl.it\/#website"},"datePublished":"2017-02-22T09:30:55+00:00","dateModified":"2017-02-22T09:31:50+00:00","breadcrumb":{"@id":"https:\/\/www.gallisrl.it\/de\/produkte\/#breadcrumb"},"inLanguage":"de","potentialAction":[{"@type":"ReadAction","target":["https:\/\/www.gallisrl.it\/de\/produkte\/"]}]},{"@type":"BreadcrumbList","@id":"https:\/\/www.gallisrl.it\/de\/produkte\/#breadcrumb","itemListElement":[{"@type":"ListItem","position":1,"name":"Start","item":"https:\/\/www.gallisrl.it\/de\/"},{"@type":"ListItem","position":2,"name":"Produkte"}]},{"@type":"WebSite","@id":"https:\/\/www.gallisrl.it\/#website","url":"https:\/\/www.gallisrl.it\/","name":"Galli srl","description":"Verniciatura e produzione di ante per cucine e mobili","potentialAction":[{"@type":"SearchAction","target":{"@type":"EntryPoint","urlTemplate":"https:\/\/www.gallisrl.it\/?s={search_term_string}"},"query-input":{"@type":"PropertyValueSpecification","valueRequired":true,"valueName":"search_term_string"}}],"inLanguage":"de"}]}},"_links":{"self":[{"href":"https:\/\/www.gallisrl.it\/de\/wp-json\/wp\/v2\/pages\/1867","targetHints":{"allow":["GET"]}}],"collection":[{"href":"https:\/\/www.gallisrl.it\/de\/wp-json\/wp\/v2\/pages"}],"about":[{"href":"https:\/\/www.gallisrl.it\/de\/wp-json\/wp\/v2\/types\/page"}],"author":[{"embeddable":true,"href":"https:\/\/www.gallisrl.it\/de\/wp-json\/wp\/v2\/users\/2"}],"replies":[{"embeddable":true,"href":"https:\/\/www.gallisrl.it\/de\/wp-json\/wp\/v2\/comments?post=1867"}],"version-history":[{"count":0,"href":"https:\/\/www.gallisrl.it\/de\/wp-json\/wp\/v2\/pages\/1867\/revisions"}],"wp:attachment":[{"href":"https:\/\/www.gallisrl.it\/de\/wp-json\/wp\/v2\/media?parent=1867"}],"curies":[{"name":"wp","href":"https:\/\/api.w.org\/{rel}","templated":true}]}}