
{"id":1883,"date":"2017-02-22T10:44:48","date_gmt":"2017-02-22T09:44:48","guid":{"rendered":"http:\/\/www.gallisrl.it\/de\/?page_id=1883"},"modified":"2017-02-22T10:44:48","modified_gmt":"2017-02-22T09:44:48","slug":"stellensuche","status":"publish","type":"page","link":"https:\/\/www.gallisrl.it\/de\/stellensuche\/","title":{"rendered":"Stellensuche"},"content":{"rendered":"<div class=\"wpb-content-wrapper\"><p>[vc_row][vc_column][vc_empty_space height=&#8221;50px&#8221;][\/vc_column][\/vc_row][vc_row][vc_column width=&#8221;1\/2&#8243;][vc_column_text]<\/p>\n<h1>Werden sie Teil unseres Teams<\/h1>\n<p style=\"text-align: justify;\">Unser langj\u00e4hriger Erfolg w\u00e4re ohne motivierte, leistungsf\u00e4hige und engagierte Mitarbeiter nicht denkbar. Sie sind der zentrale Kern in unserem Unternehmen. Aus diesem Grund widmen wir der Personalsuche gr\u00f6\u00dfte Sorgfalt und Aufmerksamkeit.<br \/>\nWir legen Wert auf:<\/p>\n<ul>\n<li style=\"text-align: justify;\">Fairne\u00df und Loyalit\u00e4t. Wir freuen uns wenn unsere Mitarbeiter sich als Part des Unternehmens f\u00fchlen und dies durch Ihre Arbeiteinstellung zeigen.<\/li>\n<li style=\"text-align: justify;\">Teamgeist. Bei uns werden Projekte in einer Arbeitsgruppe diskutiert und zusammen entwickelt.<\/li>\n<li style=\"text-align: justify;\">Langj\u00e4hrige Zusammenarbeit. Mitarbeiter sind f\u00fcr uns Investitionen, wir erwarten dass jeder auch \u201ein sich selbst\u201c investiert.<\/li>\n<li style=\"text-align: justify;\">Ziele erreichen. Kunden und Partner bewerten unser Unternehmen nach den Ergebnissen und nicht nur nach guten Vors\u00e4tzen.<\/li>\n<li style=\"text-align: justify;\">Verantwortung \u00fcbertragen und \u00fcbernehmen.<\/li>\n<li style=\"text-align: justify;\">Streben nach Weiterentwicklung und Verbesserung<\/li>\n<\/ul>\n<p>[\/vc_column_text][\/vc_column][vc_column width=&#8221;1\/2&#8243;][vc_empty_space height=&#8221;71px&#8221;]\n<div class=\"wpcf7 no-js\" id=\"wpcf7-f1136-o1\" lang=\"en-US\" dir=\"ltr\" data-wpcf7-id=\"1136\">\n<div class=\"screen-reader-response\"><p role=\"status\" aria-live=\"polite\" aria-atomic=\"true\"><\/p> <ul><\/ul><\/div>\n<form action=\"\/de\/wp-json\/wp\/v2\/pages\/1883#wpcf7-f1136-o1\" method=\"post\" class=\"wpcf7-form init\" aria-label=\"Contact form\" enctype=\"multipart\/form-data\" novalidate=\"novalidate\" data-status=\"init\">\n<fieldset class=\"hidden-fields-container\"><input type=\"hidden\" name=\"_wpcf7\" value=\"1136\" \/><input type=\"hidden\" name=\"_wpcf7_version\" value=\"6.1.5\" \/><input type=\"hidden\" name=\"_wpcf7_locale\" value=\"en_US\" \/><input type=\"hidden\" name=\"_wpcf7_unit_tag\" value=\"wpcf7-f1136-o1\" \/><input type=\"hidden\" name=\"_wpcf7_container_post\" value=\"0\" \/><input type=\"hidden\" name=\"_wpcf7_posted_data_hash\" value=\"\" \/>\n<\/fieldset>\n<div class=\"row\">\n\t<div class=\"col-md-6\">\n\t\t<p><span class=\"wpcf7-form-control-wrap\" data-name=\"first-name\"><input size=\"40\" maxlength=\"400\" class=\"wpcf7-form-control wpcf7-text wpcf7-validates-as-required\" aria-required=\"true\" aria-invalid=\"false\" placeholder=\"Name\" value=\"\" type=\"text\" name=\"first-name\" \/><\/span><br \/>\n<span class=\"wpcf7-form-control-wrap\" data-name=\"last-name\"><input size=\"40\" maxlength=\"400\" class=\"wpcf7-form-control wpcf7-text wpcf7-validates-as-required\" aria-required=\"true\" aria-invalid=\"false\" placeholder=\"Nachname\" value=\"\" type=\"text\" name=\"last-name\" \/><\/span><br \/>\n<span class=\"wpcf7-form-control-wrap\" data-name=\"your-email\"><input size=\"40\" maxlength=\"400\" class=\"wpcf7-form-control wpcf7-email wpcf7-validates-as-required wpcf7-text wpcf7-validates-as-email\" aria-required=\"true\" aria-invalid=\"false\" placeholder=\"Email\" value=\"\" type=\"email\" name=\"your-email\" \/><\/span><br \/>\n<span class=\"wpcf7-form-control-wrap\" data-name=\"your-phone\"><input size=\"40\" maxlength=\"400\" class=\"wpcf7-form-control wpcf7-text\" aria-invalid=\"false\" placeholder=\"Telefon\" value=\"\" type=\"text\" name=\"your-phone\" \/><\/span>\n\t\t<\/p>\n\t\t<p><span class=\"wpcf7-form-control-wrap\" data-name=\"acceptance-329\"><span class=\"wpcf7-form-control wpcf7-acceptance\"><span class=\"wpcf7-list-item\"><input type=\"checkbox\" name=\"acceptance-329\" value=\"1\" class=\"check-privacy\" aria-invalid=\"false\" \/><\/span><\/span><\/span><small>Ich habe die <a href=\"https:\/\/www.gallisrl.it\/privacy-cookie-policy\/\">Datenschutzerkl\u00e4rung<\/a> unter Art.13 Leg. 196\/2003 \u00fcber den Schutz personenbezogener Daten gelesen<\/small>\n\t\t<\/p>\n\t<\/div>\n\t<div class=\"col-md-6\">\n\t\t<p><span class=\"wpcf7-form-control-wrap\" data-name=\"your-comment\"><textarea cols=\"40\" rows=\"7\" maxlength=\"2000\" class=\"wpcf7-form-control wpcf7-textarea wpcf7-validates-as-required\" aria-required=\"true\" aria-invalid=\"false\" placeholder=\"Ihre Nachricht\" name=\"your-comment\"><\/textarea><\/span><br \/>\nBefestigt: <span class=\"wpcf7-form-control-wrap\" data-name=\"cv\"><input size=\"40\" class=\"wpcf7-form-control wpcf7-file wpcf7-validates-as-required\" accept=\".pdf,.doc,.docx\" aria-required=\"true\" aria-invalid=\"false\" type=\"file\" name=\"cv\" \/><\/span>\n\t\t<\/p>\n\t\t<div class=\"cf7-cf-turnstile\" style=\"margin-top: 0px; margin-bottom: -15px;\"> <div id=\"cf-turnstile-cf7-296033911\" class=\"cf-turnstile\" data-sitekey=\"0x4AAAAAAAT7ulbNZKsbt_nG\" data-theme=\"light\" data-language=\"auto\" data-size=\"\" data-retry=\"auto\" data-retry-interval=\"1000\" data-refresh-expired=\"auto\" data-refresh-timeout=\"auto\" data-action=\"contact-form-7\" data-callback=\"turnstileCF7Callback\" data-appearance=\"always\"><\/div> <script>document.addEventListener(\"DOMContentLoaded\", function() { setTimeout(function(){ var e=document.getElementById(\"cf-turnstile-cf7-296033911\"); if(e&&!e.innerHTML.trim()){turnstile.render(e, {sitekey:\"0x4AAAAAAAT7ulbNZKsbt_nG\"});} }, 200); });<\/script> <br class=\"cf-turnstile-br cf-turnstile-br-cf7-296033911\"> <style>#cf-turnstile-cf7-296033911 { margin-left: -15px; }<\/style> <script>document.addEventListener(\"DOMContentLoaded\",function(){document.querySelectorAll('.wpcf7-form').forEach(function(e){e.addEventListener('submit',function(){if(document.getElementById('cf-turnstile-cf7-296033911')){setTimeout(function(){turnstile.reset('#cf-turnstile-cf7-296033911');},1000)}})})});<\/script> <\/div><br\/><input class=\"wpcf7-form-control wpcf7-submit has-spinner\" type=\"submit\" value=\"Bewerben\" \/>\n\t\t<\/p>\n\t<\/div>\n<\/div><div class=\"wpcf7-response-output\" aria-hidden=\"true\"><\/div>\n<\/form>\n<\/div>\n[\/vc_column][\/vc_row][vc_row][vc_column][vc_empty_space height=&#8221;50px&#8221;][\/vc_column][\/vc_row]<\/p>\n<\/div>","protected":false},"excerpt":{"rendered":"<p>[vc_row][vc_column][vc_empty_space height=&#8221;50px&#8221;][\/vc_column][\/vc_row][vc_row][vc_column width=&#8221;1\/2&#8243;][vc_column_text] Werden sie Teil unseres Teams Unser langj\u00e4hriger Erfolg w\u00e4re ohne motivierte, leistungsf\u00e4hige und engagierte Mitarbeiter nicht denkbar. Sie sind der zentrale Kern in unserem Unternehmen. Aus diesem Grund widmen wir der Personalsuche gr\u00f6\u00dfte Sorgfalt und Aufmerksamkeit. Wir legen Wert auf: Fairne\u00df und Loyalit\u00e4t. Wir freuen uns wenn unsere Mitarbeiter sich als Part [&hellip;]<\/p>\n","protected":false},"author":2,"featured_media":0,"parent":0,"menu_order":0,"comment_status":"closed","ping_status":"closed","template":"","meta":{"footnotes":""},"class_list":["post-1883","page","type-page","status-publish","hentry"],"yoast_head":"<!-- This site is optimized with the Yoast SEO plugin v27.4 - https:\/\/yoast.com\/product\/yoast-seo-wordpress\/ -->\n<title>Stellensuche | Galli srl<\/title>\n<meta name=\"robots\" content=\"index, follow, max-snippet:-1, max-image-preview:large, max-video-preview:-1\" \/>\n<link rel=\"canonical\" href=\"https:\/\/www.gallisrl.it\/de\/stellensuche\/\" \/>\n<meta property=\"og:locale\" content=\"de_DE\" \/>\n<meta property=\"og:type\" content=\"article\" \/>\n<meta property=\"og:title\" content=\"Stellensuche | Galli srl\" \/>\n<meta property=\"og:description\" content=\"[vc_row][vc_column][vc_empty_space height=&#8221;50px&#8221;][\/vc_column][\/vc_row][vc_row][vc_column width=&#8221;1\/2&#8243;][vc_column_text] Werden sie Teil unseres Teams Unser langj\u00e4hriger Erfolg w\u00e4re ohne motivierte, leistungsf\u00e4hige und engagierte Mitarbeiter nicht denkbar. Sie sind der zentrale Kern in unserem Unternehmen. Aus diesem Grund widmen wir der Personalsuche gr\u00f6\u00dfte Sorgfalt und Aufmerksamkeit. Wir legen Wert auf: Fairne\u00df und Loyalit\u00e4t. Wir freuen uns wenn unsere Mitarbeiter sich als Part [&hellip;]\" \/>\n<meta property=\"og:url\" content=\"https:\/\/www.gallisrl.it\/de\/stellensuche\/\" \/>\n<meta property=\"og:site_name\" content=\"Galli srl\" \/>\n<meta property=\"article:publisher\" content=\"https:\/\/it-it.facebook.com\/Galli-Srl-894737883895943\/\" \/>\n<meta property=\"og:image\" content=\"http:\/\/www.gallisrl.it\/wp-content\/uploads\/2015\/10\/galli-srl-senigallia-antine-cucina_home_slide6.jpg\" \/>\n<meta name=\"twitter:card\" content=\"summary_large_image\" \/>\n<meta name=\"twitter:label1\" content=\"Gesch\u00e4tzte Lesezeit\" \/>\n\t<meta name=\"twitter:data1\" content=\"1\u00a0Minute\" \/>\n<script type=\"application\/ld+json\" class=\"yoast-schema-graph\">{\"@context\":\"https:\\\/\\\/schema.org\",\"@graph\":[{\"@type\":\"WebPage\",\"@id\":\"https:\\\/\\\/www.gallisrl.it\\\/de\\\/stellensuche\\\/\",\"url\":\"https:\\\/\\\/www.gallisrl.it\\\/de\\\/stellensuche\\\/\",\"name\":\"Stellensuche | Galli srl\",\"isPartOf\":{\"@id\":\"https:\\\/\\\/www.gallisrl.it\\\/#website\"},\"datePublished\":\"2017-02-22T09:44:48+00:00\",\"breadcrumb\":{\"@id\":\"https:\\\/\\\/www.gallisrl.it\\\/de\\\/stellensuche\\\/#breadcrumb\"},\"inLanguage\":\"de\",\"potentialAction\":[{\"@type\":\"ReadAction\",\"target\":[\"https:\\\/\\\/www.gallisrl.it\\\/de\\\/stellensuche\\\/\"]}]},{\"@type\":\"BreadcrumbList\",\"@id\":\"https:\\\/\\\/www.gallisrl.it\\\/de\\\/stellensuche\\\/#breadcrumb\",\"itemListElement\":[{\"@type\":\"ListItem\",\"position\":1,\"name\":\"Start\",\"item\":\"https:\\\/\\\/www.gallisrl.it\\\/de\\\/\"},{\"@type\":\"ListItem\",\"position\":2,\"name\":\"Stellensuche\"}]},{\"@type\":\"WebSite\",\"@id\":\"https:\\\/\\\/www.gallisrl.it\\\/#website\",\"url\":\"https:\\\/\\\/www.gallisrl.it\\\/\",\"name\":\"Galli srl\",\"description\":\"Verniciatura e produzione di ante per cucine e mobili\",\"potentialAction\":[{\"@type\":\"SearchAction\",\"target\":{\"@type\":\"EntryPoint\",\"urlTemplate\":\"https:\\\/\\\/www.gallisrl.it\\\/?s={search_term_string}\"},\"query-input\":{\"@type\":\"PropertyValueSpecification\",\"valueRequired\":true,\"valueName\":\"search_term_string\"}}],\"inLanguage\":\"de\"}]}<\/script>\n<!-- \/ Yoast SEO plugin. -->","yoast_head_json":{"title":"Stellensuche | Galli srl","robots":{"index":"index","follow":"follow","max-snippet":"max-snippet:-1","max-image-preview":"max-image-preview:large","max-video-preview":"max-video-preview:-1"},"canonical":"https:\/\/www.gallisrl.it\/de\/stellensuche\/","og_locale":"de_DE","og_type":"article","og_title":"Stellensuche | Galli srl","og_description":"[vc_row][vc_column][vc_empty_space height=&#8221;50px&#8221;][\/vc_column][\/vc_row][vc_row][vc_column width=&#8221;1\/2&#8243;][vc_column_text] Werden sie Teil unseres Teams Unser langj\u00e4hriger Erfolg w\u00e4re ohne motivierte, leistungsf\u00e4hige und engagierte Mitarbeiter nicht denkbar. Sie sind der zentrale Kern in unserem Unternehmen. Aus diesem Grund widmen wir der Personalsuche gr\u00f6\u00dfte Sorgfalt und Aufmerksamkeit. Wir legen Wert auf: Fairne\u00df und Loyalit\u00e4t. Wir freuen uns wenn unsere Mitarbeiter sich als Part [&hellip;]","og_url":"https:\/\/www.gallisrl.it\/de\/stellensuche\/","og_site_name":"Galli srl","article_publisher":"https:\/\/it-it.facebook.com\/Galli-Srl-894737883895943\/","og_image":[{"url":"http:\/\/www.gallisrl.it\/wp-content\/uploads\/2015\/10\/galli-srl-senigallia-antine-cucina_home_slide6.jpg","type":"","width":"","height":""}],"twitter_card":"summary_large_image","twitter_misc":{"Gesch\u00e4tzte Lesezeit":"1\u00a0Minute"},"schema":{"@context":"https:\/\/schema.org","@graph":[{"@type":"WebPage","@id":"https:\/\/www.gallisrl.it\/de\/stellensuche\/","url":"https:\/\/www.gallisrl.it\/de\/stellensuche\/","name":"Stellensuche | Galli srl","isPartOf":{"@id":"https:\/\/www.gallisrl.it\/#website"},"datePublished":"2017-02-22T09:44:48+00:00","breadcrumb":{"@id":"https:\/\/www.gallisrl.it\/de\/stellensuche\/#breadcrumb"},"inLanguage":"de","potentialAction":[{"@type":"ReadAction","target":["https:\/\/www.gallisrl.it\/de\/stellensuche\/"]}]},{"@type":"BreadcrumbList","@id":"https:\/\/www.gallisrl.it\/de\/stellensuche\/#breadcrumb","itemListElement":[{"@type":"ListItem","position":1,"name":"Start","item":"https:\/\/www.gallisrl.it\/de\/"},{"@type":"ListItem","position":2,"name":"Stellensuche"}]},{"@type":"WebSite","@id":"https:\/\/www.gallisrl.it\/#website","url":"https:\/\/www.gallisrl.it\/","name":"Galli srl","description":"Verniciatura e produzione di ante per cucine e mobili","potentialAction":[{"@type":"SearchAction","target":{"@type":"EntryPoint","urlTemplate":"https:\/\/www.gallisrl.it\/?s={search_term_string}"},"query-input":{"@type":"PropertyValueSpecification","valueRequired":true,"valueName":"search_term_string"}}],"inLanguage":"de"}]}},"_links":{"self":[{"href":"https:\/\/www.gallisrl.it\/de\/wp-json\/wp\/v2\/pages\/1883","targetHints":{"allow":["GET"]}}],"collection":[{"href":"https:\/\/www.gallisrl.it\/de\/wp-json\/wp\/v2\/pages"}],"about":[{"href":"https:\/\/www.gallisrl.it\/de\/wp-json\/wp\/v2\/types\/page"}],"author":[{"embeddable":true,"href":"https:\/\/www.gallisrl.it\/de\/wp-json\/wp\/v2\/users\/2"}],"replies":[{"embeddable":true,"href":"https:\/\/www.gallisrl.it\/de\/wp-json\/wp\/v2\/comments?post=1883"}],"version-history":[{"count":0,"href":"https:\/\/www.gallisrl.it\/de\/wp-json\/wp\/v2\/pages\/1883\/revisions"}],"wp:attachment":[{"href":"https:\/\/www.gallisrl.it\/de\/wp-json\/wp\/v2\/media?parent=1883"}],"curies":[{"name":"wp","href":"https:\/\/api.w.org\/{rel}","templated":true}]}}