
{"id":1929,"date":"2017-05-23T12:52:59","date_gmt":"2017-05-23T10:52:59","guid":{"rendered":"http:\/\/www.gallisrl.it\/de\/realizzazioni\/"},"modified":"2017-05-24T12:59:58","modified_gmt":"2017-05-24T10:59:58","slug":"projekte","status":"publish","type":"page","link":"https:\/\/www.gallisrl.it\/de\/projekte\/","title":{"rendered":"PROJEKTE"},"content":{"rendered":"<div class=\"wpb-content-wrapper\"><p>[vc_row][vc_column width=&#8221;1\/3&#8243;][vc_column_text]<\/p>\n<blockquote>\n<h1 style=\"text-align: left;\">Unsere Leistungen<\/h1>\n<\/blockquote>\n<p>[\/vc_column_text][vc_empty_space height=&#8221;32&#8243;][\/vc_column][vc_column width=&#8221;2\/3&#8243;][vc_column_text]Wir bieten \u201cJust in Time\u201c L\u00f6sungen f\u00fcr jede Anfrage. Dank unserer hohen Flexibilit\u00e4t in der Fertigung werden Kundenanforderungen zeitgenau und in H\u00f6chstqualit\u00e4t umgesetzt.\u00a0Von Klassisch bis Modern, Dank unendlicher Holzarten Auswahl kann jede Front individuell abgestimmt werden.<br \/>\nKontaktieren Sie uns ganz unverbindlich! Gerne entwickeln wir zusammen mit Ihnen eine passende L\u00f6sung.[\/vc_column_text][\/vc_column][\/vc_row][vc_row][vc_column][vc_separator color=&#8221;sky&#8221; border_width=&#8221;2&#8243; css_animation=&#8221;appear&#8221;][\/vc_column][\/vc_row][vc_row][vc_column width=&#8221;1\/2&#8243;][vc_empty_space height=&#8221;32&#8243;][vc_single_image image=&#8221;1907&#8243; img_size=&#8221;433&#215;298&#8243; alignment=&#8221;center&#8221; style=&#8221;vc_box_rounded&#8221; css_animation=&#8221;right-to-left&#8221;][vc_column_text]<\/p>\n<blockquote>\n<h2><strong>PROJECT 438 EAST<\/strong><\/h2>\n<p>Im Jahr 2016 fertigte unser Unternehmen 1500 MDF Fronten und Seitenwangen mit mikrostrukturiertermatt Lack Oberfl\u00e4che und konnte somit zum Export der \u201eMade in Italy\u201c Qualit\u00e4t beitragen.<\/p><\/blockquote>\n<p>[\/vc_column_text][vc_empty_space height=&#8221;32&#8243;][\/vc_column][vc_column width=&#8221;1\/2&#8243;][vc_empty_space height=&#8221;32&#8243;][vc_single_image image=&#8221;1910&#8243; img_size=&#8221;433&#215;298&#8243; alignment=&#8221;center&#8221; style=&#8221;vc_box_rounded&#8221; css_animation=&#8221;left-to-right&#8221;][vc_column_text]<\/p>\n<blockquote>\n<h2><strong>PROJECT\u00a0ECLETTICA<\/strong><\/h2>\n<p>Ca. 1000 Fronten in hochglanz Alpi Furnier wurden im Jahr 2015 f\u00fcr erstklassige italienische K\u00fcchen in Russland (St. Petersburg) hergestellt.<\/p><\/blockquote>\n<p>[\/vc_column_text][vc_empty_space height=&#8221;32&#8243;][\/vc_column][\/vc_row][vc_row][vc_column width=&#8221;1\/2&#8243;][vc_empty_space height=&#8221;32&#8243;][vc_single_image image=&#8221;1908&#8243; img_size=&#8221;433&#215;298&#8243; alignment=&#8221;center&#8221; style=&#8221;vc_box_rounded&#8221; css_animation=&#8221;right-to-left&#8221;][vc_column_text]<\/p>\n<blockquote>\n<h2><strong>PROJECT\u00a0NEOCLASSICO<\/strong><\/h2>\n<p class=\"normal\">Im selben Jahr, 2015, und f\u00fcr den selben Markt, St. Petersburg, fertigten wir ca. 2000 Teile in Esche,darunterFronten, Wangen, S\u00e4ulen und Sockel. Die Oberfl\u00e4chen wurden in drei unterschiedlichen Farben patiniert und mit Golddekoren verziert.<\/p>\n<\/blockquote>\n<p>[\/vc_column_text][vc_empty_space height=&#8221;32&#8243;][\/vc_column][vc_column width=&#8221;1\/2&#8243;][vc_empty_space height=&#8221;32&#8243;][vc_single_image image=&#8221;1909&#8243; img_size=&#8221;433&#215;298&#8243; alignment=&#8221;center&#8221; style=&#8221;vc_box_rounded&#8221; css_animation=&#8221;left-to-right&#8221;][vc_column_text]<\/p>\n<blockquote>\n<h2><strong>PROJECT 432 PARK AVENUE<\/strong><\/h2>\n<p class=\"normal\">Im Jahr 2014 beteiligten wir uns an einem Projekt f\u00fcr den New Yorker Markt. Durch unsere Fertigung gingen MDF \u00a0Wangen und Regaleinheitenf\u00fcr 140 K\u00fcchen und 200 Wohnzimmerschr\u00e4nken und wurden in hochglanz lackiert und geschwabbelt.<\/p>\n<\/blockquote>\n<p>[\/vc_column_text][vc_empty_space height=&#8221;32&#8243;][\/vc_column][\/vc_row][vc_row][vc_column width=&#8221;1\/2&#8243;][vc_empty_space height=&#8221;32&#8243;][vc_single_image image=&#8221;1906&#8243; img_size=&#8221;433&#215;298&#8243; alignment=&#8221;center&#8221; style=&#8221;vc_box_rounded&#8221; css_animation=&#8221;right-to-left&#8221;][vc_column_text]<\/p>\n<blockquote>\n<h2><strong>PROJECT\u00a0ELDORADO<\/strong><\/h2>\n<p class=\"normal\">In den Jahren 2011 und 2012 wurden wir von\u00a0 einer deutschen K\u00fcchenmarke als Lieferant f\u00fcr ein wichtiges Projekt in S\u00fcd Korea ausgew\u00e4hlt. In diesen Jahren produzierte unser Unternehmen ca. 13.000 Fronten und Seiten in Eldorado Furnier matt.<\/p>\n<\/blockquote>\n<p>[\/vc_column_text][vc_empty_space height=&#8221;32&#8243;][\/vc_column][vc_column width=&#8221;1\/2&#8243;][vc_empty_space height=&#8221;32&#8243;][vc_single_image image=&#8221;1905&#8243; img_size=&#8221;433&#215;298&#8243; alignment=&#8221;center&#8221; style=&#8221;vc_box_rounded&#8221; css_animation=&#8221;left-to-right&#8221;][vc_column_text]<\/p>\n<blockquote>\n<h2><strong>PROJECT\u00a0MAJESTIC<\/strong><\/h2>\n<p class=\"normal\">3000 neoklassische Fronten in MDF matt lackiert wurden im Jahr 2010 f\u00fcr eine deutsche renommierte K\u00fcchenmarke f\u00fcr den Bestimmungsort Bejing (China) gefertigt.<\/p>\n<\/blockquote>\n<p>[\/vc_column_text][vc_empty_space height=&#8221;32&#8243;][\/vc_column][\/vc_row][vc_row][vc_column][vc_column_text]<\/p>\n<h3 style=\"text-align: center;\"><a href=\"https:\/\/www.gallisrl.it\/de\/kontakte\/\">Kontaktieren Sie<\/a> uns hier Ihr n\u00e4chstes Projekt zu betrauen<\/h3>\n<p>[\/vc_column_text][\/vc_column][\/vc_row]<\/p>\n<\/div>","protected":false},"excerpt":{"rendered":"<p>[vc_row][vc_column width=&#8221;1\/3&#8243;][vc_column_text] Unsere Leistungen [\/vc_column_text][vc_empty_space height=&#8221;32&#8243;][\/vc_column][vc_column width=&#8221;2\/3&#8243;][vc_column_text]Wir bieten \u201cJust in Time\u201c L\u00f6sungen f\u00fcr jede Anfrage. Dank unserer hohen Flexibilit\u00e4t in der Fertigung werden Kundenanforderungen zeitgenau und in H\u00f6chstqualit\u00e4t umgesetzt.\u00a0Von Klassisch bis Modern, Dank unendlicher Holzarten Auswahl kann jede Front individuell abgestimmt werden. Kontaktieren Sie uns ganz unverbindlich! Gerne entwickeln wir zusammen mit Ihnen eine passende [&hellip;]<\/p>\n","protected":false},"author":2,"featured_media":0,"parent":0,"menu_order":0,"comment_status":"closed","ping_status":"closed","template":"","meta":{"footnotes":""},"class_list":["post-1929","page","type-page","status-publish","hentry"],"yoast_head":"<!-- This site is optimized with the Yoast SEO plugin v27.4 - https:\/\/yoast.com\/product\/yoast-seo-wordpress\/ -->\n<title>Galli Srl: Produzione ante per cucine - Le nostre realizzazioni<\/title>\n<meta name=\"description\" content=\"Oltre 40 anni di esperienza nella produzione di ante per cucine: dagli stili classici a quelli moderni, con un\u2019ampia selezione di essenze e finiture.\" \/>\n<meta name=\"robots\" content=\"index, follow, max-snippet:-1, max-image-preview:large, max-video-preview:-1\" \/>\n<link rel=\"canonical\" href=\"https:\/\/www.gallisrl.it\/de\/projekte\/\" \/>\n<meta property=\"og:locale\" content=\"de_DE\" \/>\n<meta property=\"og:type\" content=\"article\" \/>\n<meta property=\"og:title\" content=\"Galli Srl: Produzione ante per cucine - Le nostre realizzazioni\" \/>\n<meta property=\"og:description\" content=\"Oltre 40 anni di esperienza nella produzione di ante per cucine: dagli stili classici a quelli moderni, con un\u2019ampia selezione di essenze e finiture.\" \/>\n<meta property=\"og:url\" content=\"https:\/\/www.gallisrl.it\/de\/projekte\/\" \/>\n<meta property=\"og:site_name\" content=\"Galli srl\" \/>\n<meta property=\"article:publisher\" content=\"https:\/\/it-it.facebook.com\/Galli-Srl-894737883895943\/\" \/>\n<meta property=\"article:modified_time\" content=\"2017-05-24T10:59:58+00:00\" \/>\n<meta property=\"og:image\" content=\"http:\/\/www.gallisrl.it\/wp-content\/uploads\/2015\/10\/galli-srl-senigallia-antine-cucina_home_slide6.jpg\" \/>\n<meta name=\"twitter:card\" content=\"summary_large_image\" \/>\n<meta name=\"twitter:label1\" content=\"Gesch\u00e4tzte Lesezeit\" \/>\n\t<meta name=\"twitter:data1\" content=\"3\u00a0Minuten\" \/>\n<script type=\"application\/ld+json\" class=\"yoast-schema-graph\">{\"@context\":\"https:\\\/\\\/schema.org\",\"@graph\":[{\"@type\":\"WebPage\",\"@id\":\"https:\\\/\\\/www.gallisrl.it\\\/de\\\/projekte\\\/\",\"url\":\"https:\\\/\\\/www.gallisrl.it\\\/de\\\/projekte\\\/\",\"name\":\"Galli Srl: Produzione ante per cucine - Le nostre realizzazioni\",\"isPartOf\":{\"@id\":\"https:\\\/\\\/www.gallisrl.it\\\/#website\"},\"datePublished\":\"2017-05-23T10:52:59+00:00\",\"dateModified\":\"2017-05-24T10:59:58+00:00\",\"description\":\"Oltre 40 anni di esperienza nella produzione di ante per cucine: dagli stili classici a quelli moderni, con un\u2019ampia selezione di essenze e finiture.\",\"breadcrumb\":{\"@id\":\"https:\\\/\\\/www.gallisrl.it\\\/de\\\/projekte\\\/#breadcrumb\"},\"inLanguage\":\"de\",\"potentialAction\":[{\"@type\":\"ReadAction\",\"target\":[\"https:\\\/\\\/www.gallisrl.it\\\/de\\\/projekte\\\/\"]}]},{\"@type\":\"BreadcrumbList\",\"@id\":\"https:\\\/\\\/www.gallisrl.it\\\/de\\\/projekte\\\/#breadcrumb\",\"itemListElement\":[{\"@type\":\"ListItem\",\"position\":1,\"name\":\"Start\",\"item\":\"https:\\\/\\\/www.gallisrl.it\\\/de\\\/\"},{\"@type\":\"ListItem\",\"position\":2,\"name\":\"PROJEKTE\"}]},{\"@type\":\"WebSite\",\"@id\":\"https:\\\/\\\/www.gallisrl.it\\\/#website\",\"url\":\"https:\\\/\\\/www.gallisrl.it\\\/\",\"name\":\"Galli srl\",\"description\":\"Verniciatura e produzione di ante per cucine e mobili\",\"potentialAction\":[{\"@type\":\"SearchAction\",\"target\":{\"@type\":\"EntryPoint\",\"urlTemplate\":\"https:\\\/\\\/www.gallisrl.it\\\/?s={search_term_string}\"},\"query-input\":{\"@type\":\"PropertyValueSpecification\",\"valueRequired\":true,\"valueName\":\"search_term_string\"}}],\"inLanguage\":\"de\"}]}<\/script>\n<!-- \/ Yoast SEO plugin. -->","yoast_head_json":{"title":"Galli Srl: Produzione ante per cucine - Le nostre realizzazioni","description":"Oltre 40 anni di esperienza nella produzione di ante per cucine: dagli stili classici a quelli moderni, con un\u2019ampia selezione di essenze e finiture.","robots":{"index":"index","follow":"follow","max-snippet":"max-snippet:-1","max-image-preview":"max-image-preview:large","max-video-preview":"max-video-preview:-1"},"canonical":"https:\/\/www.gallisrl.it\/de\/projekte\/","og_locale":"de_DE","og_type":"article","og_title":"Galli Srl: Produzione ante per cucine - Le nostre realizzazioni","og_description":"Oltre 40 anni di esperienza nella produzione di ante per cucine: dagli stili classici a quelli moderni, con un\u2019ampia selezione di essenze e finiture.","og_url":"https:\/\/www.gallisrl.it\/de\/projekte\/","og_site_name":"Galli srl","article_publisher":"https:\/\/it-it.facebook.com\/Galli-Srl-894737883895943\/","article_modified_time":"2017-05-24T10:59:58+00:00","og_image":[{"url":"http:\/\/www.gallisrl.it\/wp-content\/uploads\/2015\/10\/galli-srl-senigallia-antine-cucina_home_slide6.jpg","type":"","width":"","height":""}],"twitter_card":"summary_large_image","twitter_misc":{"Gesch\u00e4tzte Lesezeit":"3\u00a0Minuten"},"schema":{"@context":"https:\/\/schema.org","@graph":[{"@type":"WebPage","@id":"https:\/\/www.gallisrl.it\/de\/projekte\/","url":"https:\/\/www.gallisrl.it\/de\/projekte\/","name":"Galli Srl: Produzione ante per cucine - Le nostre realizzazioni","isPartOf":{"@id":"https:\/\/www.gallisrl.it\/#website"},"datePublished":"2017-05-23T10:52:59+00:00","dateModified":"2017-05-24T10:59:58+00:00","description":"Oltre 40 anni di esperienza nella produzione di ante per cucine: dagli stili classici a quelli moderni, con un\u2019ampia selezione di essenze e finiture.","breadcrumb":{"@id":"https:\/\/www.gallisrl.it\/de\/projekte\/#breadcrumb"},"inLanguage":"de","potentialAction":[{"@type":"ReadAction","target":["https:\/\/www.gallisrl.it\/de\/projekte\/"]}]},{"@type":"BreadcrumbList","@id":"https:\/\/www.gallisrl.it\/de\/projekte\/#breadcrumb","itemListElement":[{"@type":"ListItem","position":1,"name":"Start","item":"https:\/\/www.gallisrl.it\/de\/"},{"@type":"ListItem","position":2,"name":"PROJEKTE"}]},{"@type":"WebSite","@id":"https:\/\/www.gallisrl.it\/#website","url":"https:\/\/www.gallisrl.it\/","name":"Galli srl","description":"Verniciatura e produzione di ante per cucine e mobili","potentialAction":[{"@type":"SearchAction","target":{"@type":"EntryPoint","urlTemplate":"https:\/\/www.gallisrl.it\/?s={search_term_string}"},"query-input":{"@type":"PropertyValueSpecification","valueRequired":true,"valueName":"search_term_string"}}],"inLanguage":"de"}]}},"_links":{"self":[{"href":"https:\/\/www.gallisrl.it\/de\/wp-json\/wp\/v2\/pages\/1929","targetHints":{"allow":["GET"]}}],"collection":[{"href":"https:\/\/www.gallisrl.it\/de\/wp-json\/wp\/v2\/pages"}],"about":[{"href":"https:\/\/www.gallisrl.it\/de\/wp-json\/wp\/v2\/types\/page"}],"author":[{"embeddable":true,"href":"https:\/\/www.gallisrl.it\/de\/wp-json\/wp\/v2\/users\/2"}],"replies":[{"embeddable":true,"href":"https:\/\/www.gallisrl.it\/de\/wp-json\/wp\/v2\/comments?post=1929"}],"version-history":[{"count":0,"href":"https:\/\/www.gallisrl.it\/de\/wp-json\/wp\/v2\/pages\/1929\/revisions"}],"wp:attachment":[{"href":"https:\/\/www.gallisrl.it\/de\/wp-json\/wp\/v2\/media?parent=1929"}],"curies":[{"name":"wp","href":"https:\/\/api.w.org\/{rel}","templated":true}]}}