
{"id":1071,"date":"2015-10-14T13:17:54","date_gmt":"2015-10-14T11:17:54","guid":{"rendered":"http:\/\/www.gallisrl.it\/?page_id=1071"},"modified":"2015-10-30T10:36:05","modified_gmt":"2015-10-30T09:36:05","slug":"privacy-cookie-policy-en","status":"publish","type":"page","link":"https:\/\/www.gallisrl.it\/en\/privacy-cookie-policy-en\/","title":{"rendered":"Privacy Cookie Policy"},"content":{"rendered":"<div class=\"wpb-content-wrapper\"><p>[vc_row][vc_column][vc_column_text]<\/p>\n<h1 style=\"text-align: center;\">Privacy Policy di www.gallisrl.it<\/h1>\n<h3 style=\"text-align: center;\">Questa Applicazione raccoglie alcuni Dati Personali dei propri Utenti.<\/h3>\n<p>&nbsp;<\/p>\n<h3>Titolare del Trattamento dei Dati<\/h3>\n<p>Galli s.r.l. &#8211; Via Provinciale per Morro d&#8217;Alba, 265 &#8211; cap. 60019, Grottino di Senigallia (AN) P.IVA. 00331060426 | Tel. +39.071.665197 &#8211; Mail. info@gallisrl.it<\/p>\n<h3>Tipologie di Dati raccolti<\/h3>\n<p>Fra i Dati Personali raccolti da questa Applicazione, in modo autonomo o tramite terze parti, ci sono: Nome, Cognome, Telefono, Email, Cookie e Dati di utilizzo. Altri Dati Personali raccolti potrebbero essere indicati in altre sezioni di questa privacy policy o mediante testi informativi visualizzati contestualmente alla raccolta dei Dati stessi. I Dati Personali possono essere inseriti volontariamente dall\u2019Utente, oppure raccolti in modo automatico durante l&#8217;uso di questa Applicazione. L\u2019eventuale utilizzo di Cookie &#8211; o di altri strumenti di tracciamento &#8211; da parte di questa Applicazione o dei titolari dei servizi terzi utilizzati da questa Applicazione, ove non diversamente precisato, ha la finalit\u00e0 di identificare l\u2019Utente e registrare le relative preferenze per finalit\u00e0 strettamente legate all&#8217;erogazione del servizio richiesto dall\u2019Utente. Il mancato conferimento da parte dell\u2019Utente di alcuni Dati Personali potrebbe impedire a questa Applicazione di erogare i propri servizi. L&#8217;Utente si assume la responsabilit\u00e0 dei Dati Personali di terzi pubblicati o condivisi mediante questa Applicazione e garantisce di avere il diritto di comunicarli o diffonderli, liberando il Titolare da qualsiasi responsabilit\u00e0 verso terzi.<\/p>\n<h3>Modalit\u00e0 e luogo del trattamento dei Dati raccolti<\/h3>\n<p><strong>Modalit\u00e0 di trattamento<\/strong> Il Titolare tratta i Dati Personali degli Utenti adottando le opportune misure di sicurezza volte ad impedire l\u2019accesso, la divulgazione, la modifica o la distruzione non autorizzate dei Dati Personali. Il trattamento viene effettuato mediante strumenti informatici e\/o telematici, con modalit\u00e0 organizzative e con logiche strettamente correlate alle finalit\u00e0 indicate. Oltre al Titolare, in alcuni casi, potrebbero avere accesso ai Dati categorie di incaricati coinvolti nell\u2019organizzazione del sito (personale amministrativo, commerciale, marketing, legali, amministratori di sistema) ovvero soggetti esterni (come fornitori di servizi tecnici terzi, corrieri postali, hosting provider, societ\u00e0 informatiche, agenzie di comunicazione) nominati anche, se necessario, Responsabili del Trattamento da parte del Titolare. L\u2019elenco aggiornato dei Responsabili potr\u00e0 sempre essere richiesto al Titolare del Trattamento. <strong>Luogo<\/strong> I Dati sono trattati presso le sedi operative del Titolare ed in ogni altro luogo in cui le parti coinvolte nel trattamento siano localizzate. Per ulteriori informazioni, contatta il Titolare. <strong>Tempi<\/strong> I Dati sono trattati per il tempo necessario allo svolgimento del servizio richiesto dall\u2019Utente, o richiesto dalle finalit\u00e0 descritte in questo documento, e l\u2019Utente pu\u00f2 sempre chiedere l\u2019interruzione del Trattamento o la cancellazione dei Dati.<\/p>\n<h3>Finalit\u00e0 del Trattamento dei Dati raccolti<\/h3>\n<p>I Dati dell\u2019Utente sono raccolti per consentire al Titolare di fornire i propri servizi, cos\u00ec come per le seguenti finalit\u00e0: Commento dei contenuti, Interazione con social network e piattaforme esterne e Visualizzazione di contenuti da piattaforme esterne. Le tipologie di Dati Personali utilizzati per ciascuna finalit\u00e0 sono indicati nelle sezioni specifiche di questo documento.<\/p>\n<h3>Dettagli sul trattamento dei Dati Personali<\/h3>\n<p>I Dati Personali sono raccolti per le seguenti finalit\u00e0 ed utilizzando i seguenti servizi: <strong>Visualizzazione di contenuti da piattaforme esterne<\/strong> Questi servizi permettono di visualizzare contenuti ospitati su piattaforme esterne direttamente dalle pagine di questa Applicazione e di interagire con essi. Nel caso in cui sia installato un servizio di questo tipo, \u00e8 possibile che, anche nel caso gli Utenti non utilizzino il servizio, lo stesso raccolga dati di traffico relativi alle pagine in cui \u00e8 installato.<\/p>\n<ul>\n<li><strong>Google Fonts (Google Inc.)<\/strong> Google Fonts \u00e8 un servizio di visualizzazione di stili di carattere gestito da Google Inc. che permette a questa Applicazione di integrare tali contenuti all\u2019interno delle proprie pagine. Dati personali raccolti: Cookie e Dati di utilizzo. Luogo del trattamento : USA \u2013 <a href=\"http:\/\/www.google.it\/intl\/en\/policies\/privacy\/\">Privacy Policy<\/a><\/li>\n<\/ul>\n<p><strong>Statistica<\/strong> I servizi contenuti nella presente sezione permettono al Titolare del Trattamento di monitorare e analizzare i dati di traffico e servono a tener traccia del comportamento dell\u2019Utente.<\/p>\n<ul>\n<li><strong>Google Analytics (Google Inc.)<\/strong> Google Analytics \u00e8 un servizio di analisi web fornito da Google Inc. (\u201cGoogle\u201d). Google utilizza i Dati Personali raccolti allo scopo di tracciare ed esaminare l\u2019utilizzo di questa Applicazione, compilare report e condividerli con gli altri servizi sviluppati da Google. Google potrebbe utilizzare i Dati Personali per contestualizzare e personalizzare gli annunci del proprio network pubblicitario. Dati personali raccolti: Cookie e Dati di utilizzo. Luogo del trattamento : USA \u2013 <a href=\"http:\/\/www.google.com\/intl\/it\/policies\/privacy\/\">Privacy Policy<\/a> \u2013 <a href=\"https:\/\/tools.google.com\/dlpage\/gaoptout?hl=it\">Opt Out<\/a><\/li>\n<\/ul>\n<p>&nbsp;<\/p>\n<h3>Ulteriori informazioni sul trattamento<\/h3>\n<p><strong>Difesa in giudizio<\/strong> I Dati Personali dell\u2019Utente possono essere utilizzati per la difesa da parte del Titolare in giudizio o nelle fasi propedeutiche alla sua eventuale instaurazione, da abusi nell&#8217;utilizzo della stessa o dei servizi connessi da parte dell\u2019Utente. L\u2019Utente dichiara di essere consapevole che il Titolare potrebbe essere richiesto di rivelare i Dati su richiesta delle pubbliche autorit\u00e0. <strong>Informative specifiche<\/strong> Su richiesta dell\u2019Utente, in aggiunta alle informazioni contenute in questa privacy policy, questa Applicazione potrebbe fornire all&#8217;Utente delle informative aggiuntive e contestuali riguardanti servizi specifici, o la raccolta ed il trattamento di Dati Personali. <strong>Log di sistema e manutenzione<\/strong> Per necessit\u00e0 legate al funzionamento ed alla manutenzione, questa Applicazione e gli eventuali servizi terzi da essa utilizzati potrebbero raccogliere Log di sistema, ossia file che registrano le interazioni e che possono contenere anche Dati Personali, quali l\u2019indirizzo IP Utente. <strong>Informazioni non contenute in questa policy<\/strong> Maggiori informazioni in relazione al trattamento dei Dati Personali potranno essere richieste in qualsiasi momento al Titolare del Trattamento utilizzando le informazioni di contatto. <strong>Esercizio dei diritti da parte degli Utenti<\/strong> I soggetti cui si riferiscono i Dati Personali hanno il diritto in qualunque momento di ottenere la conferma dell&#8217;esistenza o meno degli stessi presso il Titolare del Trattamento, di conoscerne il contenuto e l&#8217;origine, di verificarne l&#8217;esattezza o chiederne l\u2019integrazione, la cancellazione, l&#8217;aggiornamento, la rettifica, la trasformazione in forma anonima o il blocco dei Dati Personali trattati in violazione di legge, nonch\u00e9 di opporsi in ogni caso, per motivi legittimi, al loro trattamento. Le richieste vanno rivolte al Titolare del Trattamento. Questa Applicazione non supporta le richieste \u201cDo Not Track\u201d. Per conoscere se gli eventuali servizi di terze parti utilizzati le supportano, consulta le loro privacy policy. <strong>Modifiche a questa privacy policy<\/strong> Il Titolare del Trattamento si riserva il diritto di apportare modifiche alla presente privacy policy in qualunque momento dandone pubblicit\u00e0 agli Utenti su questa pagina. Si prega dunque di consultare spesso questa pagina, prendendo come riferimento la data di ultima modifica indicata in fondo. Nel caso di mancata accettazione delle modifiche apportate alla presente privacy policy, l\u2019Utente \u00e8 tenuto a cessare l\u2019utilizzo di questa Applicazione e pu\u00f2 richiedere al Titolare del Trattamento di rimuovere i propri Dati Personali. Salvo quanto diversamente specificato, la precedente privacy policy continuer\u00e0 ad applicarsi ai Dati Personali sino a quel momento raccolti. <strong>Informazioni su questa privacy policy<\/strong> Il Titolare del Trattamento dei Dati \u00e8 responsabile per questa privacy policy.<\/p>\n<h3>Definizioni e riferimenti legali<\/h3>\n<ul>\n<li><strong>Dati Personali (o Dati)<\/strong> Costituisce dato personale qualunque informazione relativa a persona fisica, identificata o identificabile, anche indirettamente, mediante riferimento a qualsiasi altra informazione, ivi compreso un numero di identificazione personale.<\/li>\n<li><strong>Dati di Utilizzo<\/strong> Sono le informazioni raccolti in maniera automatica di questa Applicazione (o dalle applicazioni di parti terze che questa Applicazione utilizza), tra i quali: gli indirizzi IP o i nomi a dominio dei computer utilizzati dall\u2019Utente che si connette con questa Applicazione, gli indirizzi in notazione URI (Uniform Resource Identifier), l\u2019orario della richiesta, il metodo utilizzato nel sottoporre la richiesta al server, la dimensione del file ottenuto in risposta, il codice numerico indicante lo stato della risposta dal server (buon fine, errore, ecc.) il Paese di provenienza, le caratteristiche del browser e del sistema operativo utilizzati dal visitatore, le varie connotazioni temporali della visita (ad esempio il tempo di permanenza su ciascuna pagina) e i dettagli relativi all\u2019itinerario seguito all\u2019interno dell\u2019Applicazione, con particolare riferimento alla sequenza delle pagine consultate, ai parametri relativi al sistema operativo e all\u2019ambiente informatico dell\u2019Utente.<\/li>\n<li><strong>Utente<\/strong> L&#8217;individuo che utilizza questa Applicazione, che deve coincidere con l&#8217;Interessato o essere da questo autorizzato ed i cui Dati Personali sono oggetto del trattamento.<\/li>\n<li><strong>Interessato<\/strong> La persona fisica o giuridica cui si riferiscono i Dati Personali.<\/li>\n<li><strong>Responsabile del Trattamento (o Responsabile)<\/strong> La persona fisica, giuridica, la pubblica amministrazione e qualsiasi altro ente, associazione od organismo preposti dal Titolare al trattamento dei Dati Personali, secondo quanto predisposto dalla presente privacy policy.<\/li>\n<li><strong>Titolare del Trattamento (o Titolare)<\/strong> La persona fisica, giuridica, la pubblica amministrazione e qualsiasi altro ente, associazione od organismo cui competono, anche unitamente ad altro titolare, le decisioni in ordine alle finalit\u00e0, alle modalit\u00e0 del trattamento di dati personali ed agli strumenti utilizzati, ivi compreso il profilo della sicurezza, in relazione al funzionamento e alla fruizione di questa Applicazione. Il Titolare del Trattamento, salvo quanto diversamente specificato, \u00e8 il proprietario di questa Applicazione.<\/li>\n<li><strong>Questa Applicazione<\/strong> Lo strumento hardware o software mediante il quale sono raccolti i Dati Personali degli Utenti.<\/li>\n<li><strong>Cookie<\/strong> Piccola porzione di dati conservata all&#8217;interno del dispositivo dell&#8217;Utente.<\/li>\n<\/ul>\n<h3>La nostra politica sui cookie<\/h3>\n<p>La presente Policy sui Cookies descrive il modo in cui i cookies sono utilizzati nel presente sito internet e il modo in cui potete abilitare o disabilitare i cookies. I cookie sono piccole porzioni di dati generati dai siti web che visiti. Essi vengono memorizzati e utilizzati per migliorare l\u2019esperienza di utilizzo di un sito, permettendo di mantenere le informazioni tra le pagine ed anche di analizzare il modo in cui interagite con il sito. I cookies sono sicuri, non registrano alcuna informazione personale su un utente, e le informazioni immagazzinate in esso possono riguardare l&#8217;utente, le sue preferenze o il dispositivo di accesso a Internet (computer, tablet o cellulare) e vengono utilizzate principalmente per adeguare il funzionamento del sito alle aspettative dell&#8217;utente, offrendo un&#8217;esperienza di navigazione pi\u00f9 personalizzata. Di seguito \u00e8 possibile saperne di pi\u00f9 sui vari modi in cui utilizziamo i cookie. Se lo si desidera, \u00e8 possibile impedire il salvataggio di alcuni o tutti i cookie. <strong>COOKIE TECNICI<\/strong> Sono cookie di navigazione o di sessione, che garantiscono la normale navigazione e fruizione del sito web (permettendo, ad esempio, di realizzare un acquisto o autenticarsi per accedere ad aree riservate), i cookie analytics, assimilati ai cookie tecnici laddove utilizzati direttamente dal gestore del sito per raccogliere informazioni, in forma aggregata, sul numero degli utenti e su come questi visitano il sito stesso e i cookie di funzionalit\u00e0, che permettono all\u2019utente la navigazione in funzione di una serie di criteri selezionati (ad esempio, la lingua, i prodotti selezionati per l\u2019acquisto) al fine di migliorare il servizio reso allo stesso. <strong>COOKIE FUNZIONALI<\/strong> Questi cookie consentono al sito di ricordare le scelte fatte dall\u2019utente, come la lingua, o di offrire funzionalit\u00e0 avanzate, nonch\u00e9 maggiori informazioni e funzioni personali. Ci\u00f2 include la possibilit\u00e0 di guardare video di YouTube, fornire informazioni su determinate destinazioni e consentire agli utenti di condividere contenuti attraverso i social network(bottoni condividi, Facebook, Twitter, ecc). Tali servizi sono principalmente forniti da operatori esterni. Se si dispone di un account o se si utilizzano i servizi di tali soggetti su altri siti Web, questi potrebbero essere in grado di sapere che l&#8217;utente ha visitato i nostri siti. L&#8217;utilizzo dei dati raccolti da questi operatori esterni tramite cookie \u00e8 sottoposto alle rispettive politiche sulla privacy e pertanto si identificano tali cookie con i nomi dei rispettivi soggetti. <strong>RINUNCIA AI COOKIE<\/strong> In caso di preoccupazioni sull&#8217;utilizzo dei cookie, \u00e8 possibile intervenire e impedirne l&#8217;impostazione, ad esempio modificando la configurazione del browser per bloccarne determinati tipi. Per informazioni dettagliate sulla procedura necessaria \u00e8 possibile consultare la guida del browser (Esempio <a href=\"http:\/\/windows.microsoft.com\/it-it\/windows7\/block-enable-or-allow-cookies\" target=\"_blank\">Internet Explorer<\/a>, <a href=\"https:\/\/support.mozilla.org\/it\/kb\/Attivare%20e%20disattivare%20i%20cookie\" target=\"_blank\">Firefox<\/a>, <a href=\"https:\/\/support.google.com\/accounts\/answer\/61416?hl=it\" target=\"_blank\">Chrome<\/a>, Safari, <a href=\"http:\/\/help.opera.com\/Windows\/12.10\/it\/cookies.html\" target=\"_blank\">Opera<\/a>, altri). Le societ\u00e0 pubblicitarie consentono inoltre di rinunciare alla ricezione di annunci mirati, se lo si desidera. Ci\u00f2 non impedisce l&#8217;impostazione dei cookie, ma interrompe l&#8217;utilizzo e la raccolta di alcuni dati da parte di tali societ\u00e0. Per maggiori informazioni e possibilit\u00e0 di rinuncia, visitare l&#8217;indirizzo <a href=\"http:\/\/www.youronlinechoices.eu\/\" target=\"_blank\">http:\/\/www.youronlinechoices.eu\/<\/a> Maggiori informazioni sui cookie, sulla privacy e sulla normativa, sono disponibili sul sito del Garante della Privacy <a href=\"http:\/\/www.garanteprivacy.it\/cookie\" target=\"_blank\">http:\/\/www.garanteprivacy.it\/cookie<\/a><\/p>\n<h3>Cookie impostati da GALLISRL.IT<\/h3>\n<p><strong>Viewed_Cookie_Policy<\/strong><br \/>\nUtilizziamo un cookie di sessione chiamato \u201cviewed_cookie_policy\u201d , il cui scopo \u00e8 quello di ricordare la preferenza degli utenti per quanto riguarda le informazioni fornite sul sito riguardo la cookie policy. Ci\u00f2 avviene cliccando \u201cok\u201d o \u201caccetto\u201d alla prima visita del sito sulla barra di informazioni della politica dei cookie.<\/p>\n<p><strong>Cookie di Google Maps<\/strong><br \/>\nGoogle Maps imposta i cookie (NID, PREF) per l\u2019inclusione della mappa nella pagina contatti. E&#8217; un servizio di funzionalit\u00e0 e la sua durata \u00e8 persistente (circa 6 mesi). Ulteriori informazioni su questo cookie possono essere trovate alla pagina <a href=\"https:\/\/www.google.it\/intl\/it\/policies\/technologies\/types\/\" target=\"_blank\">https:\/\/www.google.it\/intl\/it\/policies\/technologies\/types\/<\/a><\/p>\n<p><strong>Cookie di Google Analytics<\/strong><br \/>\nGoogle Analytics imposta un cookie (_ga _gat) al fine di individuare in forma anonima quando gli utenti navigano su un sito web specifico. Google utilizza le informazioni inviate con questo cookie per memorizzare una storia di pagine web visitate in sessione di un utente. Tali dati non saranno utilizzati per associare qualsiasi parte della vostra identit\u00e0, anonima o no, a nessun altro dato posseduto da Google. Ulteriori informazioni su questo cookie possono essere trovate alla pagina <a href=\"http:\/\/www.google.com\/intl\/en\/privacypolicy.html\" target=\"_blank\">http:\/\/www.google.com\/intl\/en\/privacypolicy.html<\/a><\/p>\n<p><strong>PHPSESSID<\/strong><br \/>\nCookie tecnico utilizzato per mantenere le informazioni di sessione durante la navigazione sul sito. Questo tipo di cookie \u00e8 indispensabile per il corretto funzionamento di del sito, ed esclusivamente per questo, e viene quindi eliminato quando l&#8217;esperienza di navigazione sul sito termina. In quanto indispensabile ed in quanto cookie tecnico questo tipo di cookie viene sempre utilizzato, indipendentemente dalle preferenze dall&#8217;utente.<\/p>\n<p><strong>_icl_current_language<\/strong><br \/>\nCookie operativo con utilizzato dalla piattaforma software adottata, serve per memorizzare la lingua selezionata e la sua durata \u00e8 quella della sessione di navigazione.<\/p>\n<hr \/>\n<p><strong>Riferimenti legali<\/strong><\/p>\n<p>Avviso agli Utenti europei: la presente informativa privacy \u00e8 redatta in adempimento degli obblighi previsti dall\u2019Art. 10 della Direttiva n. 95\/46\/CE, nonch\u00e9 a quanto previsto dalla Direttiva 2002\/58\/CE, come aggiornata dalla Direttiva 2009\/136\/CE, in materia di Cookie.<br \/>\nQuesta informativa privacy riguarda esclusivamente questa Applicazione.<\/p>\n<p>Ultima modifica: 29 Ottobre 2015[\/vc_column_text][vc_empty_space][\/vc_column][\/vc_row]<\/p>\n<\/div>","protected":false},"excerpt":{"rendered":"<p>[vc_row][vc_column][vc_column_text] Privacy Policy di www.gallisrl.it Questa Applicazione raccoglie alcuni Dati Personali dei propri Utenti. &nbsp; Titolare del Trattamento dei Dati Galli s.r.l. &#8211; Via Provinciale per Morro d&#8217;Alba, 265 &#8211; cap. 60019, Grottino di Senigallia (AN) P.IVA. 00331060426 | Tel. +39.071.665197 &#8211; Mail. info@gallisrl.it Tipologie di Dati raccolti Fra i Dati Personali raccolti da questa [&hellip;]<\/p>\n","protected":false},"author":2,"featured_media":0,"parent":0,"menu_order":0,"comment_status":"closed","ping_status":"closed","template":"template-page_full.php","meta":{"footnotes":""},"class_list":["post-1071","page","type-page","status-publish","hentry"],"yoast_head":"<!-- This site is optimized with the Yoast SEO plugin v27.4 - https:\/\/yoast.com\/product\/yoast-seo-wordpress\/ -->\n<title>Privacy Cookie Policy | Galli srl<\/title>\n<meta name=\"robots\" content=\"index, follow, max-snippet:-1, max-image-preview:large, max-video-preview:-1\" \/>\n<link rel=\"canonical\" href=\"https:\/\/www.gallisrl.it\/en\/privacy-cookie-policy-en\/\" \/>\n<meta property=\"og:locale\" content=\"en_US\" \/>\n<meta property=\"og:type\" content=\"article\" \/>\n<meta property=\"og:title\" content=\"Privacy Cookie Policy | Galli srl\" \/>\n<meta property=\"og:description\" content=\"[vc_row][vc_column][vc_column_text] Privacy Policy di www.gallisrl.it Questa Applicazione raccoglie alcuni Dati Personali dei propri Utenti. &nbsp; Titolare del Trattamento dei Dati Galli s.r.l. &#8211; Via Provinciale per Morro d&#8217;Alba, 265 &#8211; cap. 60019, Grottino di Senigallia (AN) P.IVA. 00331060426 | Tel. +39.071.665197 &#8211; Mail. info@gallisrl.it Tipologie di Dati raccolti Fra i Dati Personali raccolti da questa [&hellip;]\" \/>\n<meta property=\"og:url\" content=\"https:\/\/www.gallisrl.it\/en\/privacy-cookie-policy-en\/\" \/>\n<meta property=\"og:site_name\" content=\"Galli srl\" \/>\n<meta property=\"article:publisher\" content=\"https:\/\/it-it.facebook.com\/Galli-Srl-894737883895943\/\" \/>\n<meta property=\"article:modified_time\" content=\"2015-10-30T09:36:05+00:00\" \/>\n<meta property=\"og:image\" content=\"http:\/\/www.gallisrl.it\/wp-content\/uploads\/2015\/10\/galli-srl-senigallia-antine-cucina_home_slide6.jpg\" \/>\n<meta name=\"twitter:card\" content=\"summary_large_image\" \/>\n<meta name=\"twitter:label1\" content=\"Est. reading time\" \/>\n\t<meta name=\"twitter:data1\" content=\"12 minutes\" \/>\n<script type=\"application\/ld+json\" class=\"yoast-schema-graph\">{\"@context\":\"https:\\\/\\\/schema.org\",\"@graph\":[{\"@type\":\"WebPage\",\"@id\":\"https:\\\/\\\/www.gallisrl.it\\\/en\\\/privacy-cookie-policy-en\\\/\",\"url\":\"https:\\\/\\\/www.gallisrl.it\\\/en\\\/privacy-cookie-policy-en\\\/\",\"name\":\"Privacy Cookie Policy | Galli srl\",\"isPartOf\":{\"@id\":\"https:\\\/\\\/www.gallisrl.it\\\/#website\"},\"datePublished\":\"2015-10-14T11:17:54+00:00\",\"dateModified\":\"2015-10-30T09:36:05+00:00\",\"breadcrumb\":{\"@id\":\"https:\\\/\\\/www.gallisrl.it\\\/en\\\/privacy-cookie-policy-en\\\/#breadcrumb\"},\"inLanguage\":\"en-US\",\"potentialAction\":[{\"@type\":\"ReadAction\",\"target\":[\"https:\\\/\\\/www.gallisrl.it\\\/en\\\/privacy-cookie-policy-en\\\/\"]}]},{\"@type\":\"BreadcrumbList\",\"@id\":\"https:\\\/\\\/www.gallisrl.it\\\/en\\\/privacy-cookie-policy-en\\\/#breadcrumb\",\"itemListElement\":[{\"@type\":\"ListItem\",\"position\":1,\"name\":\"Home\",\"item\":\"https:\\\/\\\/www.gallisrl.it\\\/en\\\/\"},{\"@type\":\"ListItem\",\"position\":2,\"name\":\"Privacy Cookie Policy\"}]},{\"@type\":\"WebSite\",\"@id\":\"https:\\\/\\\/www.gallisrl.it\\\/#website\",\"url\":\"https:\\\/\\\/www.gallisrl.it\\\/\",\"name\":\"Galli srl\",\"description\":\"Verniciatura e produzione di ante per cucine e mobili\",\"potentialAction\":[{\"@type\":\"SearchAction\",\"target\":{\"@type\":\"EntryPoint\",\"urlTemplate\":\"https:\\\/\\\/www.gallisrl.it\\\/?s={search_term_string}\"},\"query-input\":{\"@type\":\"PropertyValueSpecification\",\"valueRequired\":true,\"valueName\":\"search_term_string\"}}],\"inLanguage\":\"en-US\"}]}<\/script>\n<!-- \/ Yoast SEO plugin. -->","yoast_head_json":{"title":"Privacy Cookie Policy | Galli srl","robots":{"index":"index","follow":"follow","max-snippet":"max-snippet:-1","max-image-preview":"max-image-preview:large","max-video-preview":"max-video-preview:-1"},"canonical":"https:\/\/www.gallisrl.it\/en\/privacy-cookie-policy-en\/","og_locale":"en_US","og_type":"article","og_title":"Privacy Cookie Policy | Galli srl","og_description":"[vc_row][vc_column][vc_column_text] Privacy Policy di www.gallisrl.it Questa Applicazione raccoglie alcuni Dati Personali dei propri Utenti. &nbsp; Titolare del Trattamento dei Dati Galli s.r.l. &#8211; Via Provinciale per Morro d&#8217;Alba, 265 &#8211; cap. 60019, Grottino di Senigallia (AN) P.IVA. 00331060426 | Tel. +39.071.665197 &#8211; Mail. info@gallisrl.it Tipologie di Dati raccolti Fra i Dati Personali raccolti da questa [&hellip;]","og_url":"https:\/\/www.gallisrl.it\/en\/privacy-cookie-policy-en\/","og_site_name":"Galli srl","article_publisher":"https:\/\/it-it.facebook.com\/Galli-Srl-894737883895943\/","article_modified_time":"2015-10-30T09:36:05+00:00","og_image":[{"url":"http:\/\/www.gallisrl.it\/wp-content\/uploads\/2015\/10\/galli-srl-senigallia-antine-cucina_home_slide6.jpg","type":"","width":"","height":""}],"twitter_card":"summary_large_image","twitter_misc":{"Est. reading time":"12 minutes"},"schema":{"@context":"https:\/\/schema.org","@graph":[{"@type":"WebPage","@id":"https:\/\/www.gallisrl.it\/en\/privacy-cookie-policy-en\/","url":"https:\/\/www.gallisrl.it\/en\/privacy-cookie-policy-en\/","name":"Privacy Cookie Policy | Galli srl","isPartOf":{"@id":"https:\/\/www.gallisrl.it\/#website"},"datePublished":"2015-10-14T11:17:54+00:00","dateModified":"2015-10-30T09:36:05+00:00","breadcrumb":{"@id":"https:\/\/www.gallisrl.it\/en\/privacy-cookie-policy-en\/#breadcrumb"},"inLanguage":"en-US","potentialAction":[{"@type":"ReadAction","target":["https:\/\/www.gallisrl.it\/en\/privacy-cookie-policy-en\/"]}]},{"@type":"BreadcrumbList","@id":"https:\/\/www.gallisrl.it\/en\/privacy-cookie-policy-en\/#breadcrumb","itemListElement":[{"@type":"ListItem","position":1,"name":"Home","item":"https:\/\/www.gallisrl.it\/en\/"},{"@type":"ListItem","position":2,"name":"Privacy Cookie Policy"}]},{"@type":"WebSite","@id":"https:\/\/www.gallisrl.it\/#website","url":"https:\/\/www.gallisrl.it\/","name":"Galli srl","description":"Verniciatura e produzione di ante per cucine e mobili","potentialAction":[{"@type":"SearchAction","target":{"@type":"EntryPoint","urlTemplate":"https:\/\/www.gallisrl.it\/?s={search_term_string}"},"query-input":{"@type":"PropertyValueSpecification","valueRequired":true,"valueName":"search_term_string"}}],"inLanguage":"en-US"}]}},"_links":{"self":[{"href":"https:\/\/www.gallisrl.it\/en\/wp-json\/wp\/v2\/pages\/1071","targetHints":{"allow":["GET"]}}],"collection":[{"href":"https:\/\/www.gallisrl.it\/en\/wp-json\/wp\/v2\/pages"}],"about":[{"href":"https:\/\/www.gallisrl.it\/en\/wp-json\/wp\/v2\/types\/page"}],"author":[{"embeddable":true,"href":"https:\/\/www.gallisrl.it\/en\/wp-json\/wp\/v2\/users\/2"}],"replies":[{"embeddable":true,"href":"https:\/\/www.gallisrl.it\/en\/wp-json\/wp\/v2\/comments?post=1071"}],"version-history":[{"count":0,"href":"https:\/\/www.gallisrl.it\/en\/wp-json\/wp\/v2\/pages\/1071\/revisions"}],"wp:attachment":[{"href":"https:\/\/www.gallisrl.it\/en\/wp-json\/wp\/v2\/media?parent=1071"}],"curies":[{"name":"wp","href":"https:\/\/api.w.org\/{rel}","templated":true}]}}